{"id":1173,"date":"2016-06-08T00:11:00","date_gmt":"2016-06-07T23:11:00","guid":{"rendered":"https:\/\/maritimelawyersmiami.com\/about-us\/"},"modified":"2020-04-07T20:07:08","modified_gmt":"2020-04-07T20:07:08","slug":"about-us","status":"publish","type":"page","link":"https:\/\/maritimelawyersmiami.com\/es\/about-us\/","title":{"rendered":"Nosotros"},"content":{"rendered":"<p>[vc_row equal_height=\u00bbyes\u00bb bg_type=\u00bbbg_color\u00bb bg_override=\u00bbex-full\u00bb type=\u00bbvc_default\u00bb css=\u00bb.vc_custom_1564663647629{padding-top: 0px !important;padding-right: 0px !important;padding-bottom: 0px !important;padding-left: 0px !important;background-color: #ffffff !important;}\u00bb][vc_column width=\u00bb1\/2&#8243; css=\u00bb.vc_custom_1564664099489{padding-top: 60px !important;}\u00bb][vc_empty_space]<div id=\"ultimate-heading-96769ecfa23c1508\" class=\"uvc-heading ult-adjust-bottom-margin ultimate-heading-96769ecfa23c1508 uvc-4962 headingcont uvc-heading-default-font-sizes\" data-hspacer=\"no_spacer\"  data-halign=\"left\" style=\"text-align:left\"><div class=\"uvc-heading-spacer no_spacer\" style=\"top\"><\/div><div class=\"uvc-sub-heading ult-responsive\"  data-ultimate-target='.uvc-heading.ultimate-heading-96769ecfa23c1508 .uvc-sub-heading '  data-responsive-json-new='{\"font-size\":\"\",\"line-height\":\"\"}'  style=\"font-weight:normal;\">Breve Historia<\/div><\/div>[vc_empty_space height=\u00bb16px\u00bb][vc_column_text el_class=\u00bbpagecontent\u00bb]El Dr. Saleh y Dr. Sibirsky est\u00e1n plenamente versados en litigios federales, as\u00ed como en los procedimientos y leyes aplicables para buscar compensaciones en tribunal federal en representaci\u00f3n de marineros, tripulantes y pasajeros lesionados en barcos y otros nav\u00edos. En su trabajo en el campo de Derecho de Inmigraci\u00f3n y Nacionalidad, El Dr. Saleh y el Dr. Sibirsky han desarrollado sustanciales y significativas conexiones con tripulantes y marineros como sus representantes legales para asuntos de inmigraci\u00f3n. <em>The Maritime Law Group<\/em> fue fundado en parte porque numerosos tripulantes frecuentemente expresaron un fuerte inter\u00e9s en que el Dr. Saleh y el Dr. Sibirsky les sirvieran como defensores legales en asuntos de Derecho Mar\u00edtimo.[\/vc_column_text][\/vc_column][vc_column width=\u00bb1\/2&#8243; css=\u00bb.vc_custom_1564664333503{padding-top: 172px !important;}\u00bb][vc_single_image image=\u00bb1418&#8243; img_size=\u00bbfull\u00bb alignment=\u00bbright\u00bb css=\u00bb.vc_custom_1586182532194{padding-top: 32px !important;}\u00bb][\/vc_column][\/vc_row][vc_row equal_height=\u00bbyes\u00bb bg_type=\u00bbbg_color\u00bb bg_override=\u00bbex-full\u00bb type=\u00bbvc_default\u00bb css=\u00bb.vc_custom_1572113330046{margin-top: 16px !important;padding-top: 0px !important;padding-right: 0px !important;padding-left: 0px !important;background-color: #ffffff !important;}\u00bb][vc_column css=\u00bb.vc_custom_1564664255855{padding-bottom: 70px !important;}\u00bb][vc_column_text el_class=\u00bbpagecontent\u00bb]<em>The Maritime Law Group<\/em> ofrece caracter\u00edsticas singulares con respecto a su representaci\u00f3n legal de marineros, tripulantes y pasajeros.<\/p>\n<p>Primero, cualquier marinero, tripulante o pasajero quien contrate a nuestra firma recibir\u00e1 la atenci\u00f3n y representaci\u00f3n personal del Dr. Saleh y Dr. Sibirsky, en lugar de recibirla de un abogado asociado o paralegal.<\/p>\n<p>Segundo, en <em>The Maritime Law Group<\/em>, estamos completamente comprometidos a asistir a marineros, tripulantes y pasajeros lesionados a recuperar tanta compensaci\u00f3n como sea posible ofreci\u00e9ndoles un honorario contingente muy competitivo en comparaci\u00f3n con los honorarios contingentes (m\u00e1s costos) frecuentemente exigidos por algunos abogados de Derecho Mar\u00edtimo.<\/p>\n<p>Contratar a nuestra firma significa que usted tiene dos abogados dedicados, enfocados y expertos trabajando para usted en todos los puntos de su caso de manera que usted pueda recibir la compensaci\u00f3n m\u00e1s elevada ya sea por un arreglo o por una sentencia.[\/vc_column_text][vc_empty_space height=\u00bb12px\u00bb][vc_column_text el_class=\u00bbpagecontent\u00bb]Adem\u00e1s, los marineros, tripulantes y pasajeros con frecuencia necesitan la visa o permiso adecuado para viajar a los Estados Unidos a comparecer para una toma de declaraci\u00f3n o audiencia judicial, una vez que se ha iniciado un juicio que busca compensaci\u00f3n por da\u00f1os y perjuicios por motivo de lesi\u00f3n. Anis Saleh y Daniel Sibirsky tienen la capacidad de utilizar su vasta experiencia en representar extranjeros que buscan visas y documentos de viaje en las Embajadas y Consulados de EE.UU. a trav\u00e9s del mundo, para proporcionar a marineros, tripulantes y pasajeros lesionados la mejor oportunidad de poder viajar a Estados Unidos para fines del juicio.[\/vc_column_text][\/vc_column][\/vc_row][vc_row full_width=\u00bbstretch_row_content_no_spaces\u00bb equal_height=\u00bbyes\u00bb bg_type=\u00bbbg_color\u00bb bg_override=\u00bbex-full\u00bb type=\u00bbvc_default\u00bb css=\u00bb.vc_custom_1561029191049{padding-top: 0px !important;padding-right: 0px !important;padding-bottom: 0px !important;padding-left: 0px !important;background-color: #fafafa !important;}\u00bb][vc_column width=\u00bb5\/12&#8243; offset=\u00bbvc_col-xs-12&#8243; css=\u00bb.vc_custom_1462547931001{padding-top: 0px !important;padding-right: 0px !important;padding-bottom: 0px !important;padding-left: 0px !important;}\u00bb][vc_single_image image=\u00bb841&#8243; img_size=\u00bbfull\u00bb][\/vc_column][vc_column width=\u00bb7\/12&#8243; el_class=\u00bbmission-right\u00bb css=\u00bb.vc_custom_1562640266215{padding-top: 60px !important;padding-bottom: 60px !important;padding-left: 35px !important;}\u00bb]<div id=\"ultimate-heading-616269ecfa23c15b4\" class=\"uvc-heading ult-adjust-bottom-margin ultimate-heading-616269ecfa23c15b4 uvc-2685 headingcont uvc-heading-default-font-sizes\" data-hspacer=\"no_spacer\"  data-halign=\"left\" style=\"text-align:left\"><div class=\"uvc-heading-spacer no_spacer\" style=\"top\"><\/div><div class=\"uvc-sub-heading ult-responsive\"  data-ultimate-target='.uvc-heading.ultimate-heading-616269ecfa23c15b4 .uvc-sub-heading '  data-responsive-json-new='{\"font-size\":\"\",\"line-height\":\"\"}'  style=\"font-weight:normal;\">Misi\u00f3n<\/div><\/div>[vc_empty_space height=\u00bb30px\u00bb][vc_column_text el_class=\u00bbpagecontent\u00bb]<span style=\"font-weight: 400;\">Estamos comprometidos a buscar justicia y compensaci\u00f3n para tripulantes, marineros y pasajeros de barcos de crucero y otros nav\u00edos. Somos abogados profundamente dedicados a proporcionar representaci\u00f3n legal de alta calidad, diligente y vehemente.<\/span>[\/vc_column_text][\/vc_column][\/vc_row][vc_row bg_type=\u00bbbg_color\u00bb bg_override=\u00bbex-full\u00bb type=\u00bbvc_default\u00bb css=\u00bb.vc_custom_1561208492966{padding-top: 0px !important;padding-right: 0px !important;padding-bottom: 0px !important;padding-left: 0px !important;}\u00bb][vc_column css=\u00bb.vc_custom_1562638900469{padding-top: 60px !important;padding-bottom: 16px !important;}\u00bb][vc_column_text el_class=\u00bbtop-hd\u00bb]ESTAMOS AQUI PARA AYUDAR[\/vc_column_text]<div id=\"ultimate-heading-304469ecfa23c1614\" class=\"uvc-heading ult-adjust-bottom-margin ultimate-heading-304469ecfa23c1614 uvc-8297 headingcont uvc-heading-default-font-sizes\" data-hspacer=\"no_spacer\"  data-halign=\"left\" style=\"text-align:left\"><div class=\"uvc-heading-spacer no_spacer\" style=\"top\"><\/div><div class=\"uvc-sub-heading ult-responsive\"  data-ultimate-target='.uvc-heading.ultimate-heading-304469ecfa23c1614 .uvc-sub-heading '  data-responsive-json-new='{\"font-size\":\"\",\"line-height\":\"\"}'  style=\"font-weight:normal;\">Por Qu\u00e9 Elegir a Nuestros Abogados<\/div><\/div>[\/vc_column][vc_column width=\u00bb1\/2&#8243;][vc_column_text el_class=\u00bbabut-b\u00bb]El Dr. Saleh y Dr. Sibirsky est\u00e1n plenamente versados en litigios federales, as\u00ed como en los procedimientos y leyes aplicables para buscar compensaciones en tribunales federales en representaci\u00f3n de marineros, tripulantes y pasajeros lesionados en barcos y otros nav\u00edos. The Maritime Law Group ofrece caracter\u00edsticas singulares con respecto a su representaci\u00f3n legal de marineros, tripulantes y pasajeros. Primero, cualquier marinero, tripulante o pasajero que contrate a nuestra firma recibir\u00e1 la atenci\u00f3n y representaci\u00f3n personal del Dr. Saleh y del Dr. Sibirsky, en lugar de recibirla de un abogado asociado o de un paralegal. Segundo, en The Maritime Law Group, estamos completamente comprometidos a asistir a marineros, tripulantes y pasajeros lesionados a recuperar tanta compensaci\u00f3n como sea posible, ofreci\u00e9ndoles un honorario contingente muy competitivo en comparaci\u00f3n con los honorarios contingentes (m\u00e1s costos) frecuentemente exigidos por algunos abogados de Derecho Mar\u00edtimo. Contratar a nuestra firma significa que usted tiene dos abogados dedicados, enfocados y expertos trabajando para usted en todos los puntos de su caso, de manera que pueda recibir la compensaci\u00f3n m\u00e1s elevada ya sea por un arreglo o por una sentencia.[\/vc_column_text][\/vc_column][vc_column width=\u00bb1\/2&#8243;][vc_column_text el_class=\u00bbabut-b\u00bb]Adem\u00e1s, los marineros, tripulantes y pasajeros con frecuencia necesitan la visa o permiso adecuado para viajar a Estados Unidos a comparecer para rendir declaraci\u00f3n o asistir a una audiencia judicial, una vez que se ha iniciado un juicio que busca compensaci\u00f3n por da\u00f1os y perjuicios por motivo de lesi\u00f3n. Anis Saleh y Daniel Sibirsky tienen la capacidad de utilizar su vasta experiencia en representar a extranjeros que buscan visas y documentos de viaje en las Embajadas y Consulados de EE.UU. a trav\u00e9s del mundo, para proporcionar a marineros, tripulantes y pasajeros lesionados la mejor oportunidad de poder viajar a Estados Unidos para fines del juicio.[\/vc_column_text][vc_empty_space height=\u00bb20px\u00bb][vc_single_image image=\u00bb1123&#8243; img_size=\u00bbfull\u00bb][\/vc_column][vc_column][vc_empty_space height=\u00bb60px\u00bb][vc_empty_space height=\u00bb60px\u00bb][\/vc_column][\/vc_row]<\/p>\n","protected":false},"excerpt":{"rendered":"<p>[vc_row equal_height=\u00bbyes\u00bb bg_type=\u00bbbg_color\u00bb bg_override=\u00bbex-full\u00bb type=\u00bbvc_default\u00bb css=\u00bb.vc_custom_1564663647629{padding-top: 0px !important;padding-right: 0px !important;padding-bottom: 0px !important;padding-left: 0px !important;background-color: #ffffff !important;}\u00bb][vc_column width=\u00bb1\/2&#8243; css=\u00bb.vc_custom_1564664099489{padding-top: 60px !important;}\u00bb][vc_empty_space][vc_empty_space height=\u00bb16px\u00bb][vc_column_text el_class=\u00bbpagecontent\u00bb]El Dr. Saleh y Dr. Sibirsky est\u00e1n plenamente versados en litigios federales, as\u00ed como en los procedimientos y leyes aplicables para buscar compensaciones en tribunal federal en representaci\u00f3n de marineros, tripulantes y pasajeros lesionados&hellip;<\/p>\n","protected":false},"author":1,"featured_media":0,"parent":0,"menu_order":1,"comment_status":"closed","ping_status":"closed","template":"","meta":{"footnotes":""},"class_list":["post-1173","page","type-page","status-publish","hentry","description-off"],"yoast_head":"<!-- This site is optimized with the Yoast SEO plugin v27.4 - https:\/\/yoast.com\/product\/yoast-seo-wordpress\/ -->\n<title>Nosotros - Saleh &amp; Sibirsky<\/title>\n<meta name=\"robots\" content=\"index, follow, max-snippet:-1, max-image-preview:large, max-video-preview:-1\" \/>\n<link rel=\"canonical\" href=\"https:\/\/maritimelawyersmiami.com\/es\/about-us\/\" \/>\n<meta property=\"og:locale\" content=\"es_ES\" \/>\n<meta property=\"og:type\" content=\"article\" \/>\n<meta property=\"og:title\" content=\"Nosotros - Saleh &amp; Sibirsky\" \/>\n<meta property=\"og:description\" content=\"[vc_row equal_height=\u00bbyes\u00bb bg_type=\u00bbbg_color\u00bb bg_override=\u00bbex-full\u00bb type=\u00bbvc_default\u00bb css=\u00bb.vc_custom_1564663647629{padding-top: 0px !important;padding-right: 0px !important;padding-bottom: 0px !important;padding-left: 0px !important;background-color: #ffffff !important;}\u00bb][vc_column width=\u00bb1\/2&#8243; css=\u00bb.vc_custom_1564664099489{padding-top: 60px !important;}\u00bb][vc_empty_space][vc_empty_space height=\u00bb16px\u00bb][vc_column_text el_class=\u00bbpagecontent\u00bb]El Dr. Saleh y Dr. Sibirsky est\u00e1n plenamente versados en litigios federales, as\u00ed como en los procedimientos y leyes aplicables para buscar compensaciones en tribunal federal en representaci\u00f3n de marineros, tripulantes y pasajeros lesionados&hellip;\" \/>\n<meta property=\"og:url\" content=\"https:\/\/maritimelawyersmiami.com\/es\/about-us\/\" \/>\n<meta property=\"og:site_name\" content=\"Saleh &amp; Sibirsky\" \/>\n<meta property=\"article:modified_time\" content=\"2020-04-07T20:07:08+00:00\" \/>\n<meta name=\"twitter:card\" content=\"summary_large_image\" \/>\n<meta name=\"twitter:label1\" content=\"Tiempo de lectura\" \/>\n\t<meta name=\"twitter:data1\" content=\"6 minutos\" \/>\n<script type=\"application\/ld+json\" class=\"yoast-schema-graph\">{\"@context\":\"https:\\\/\\\/schema.org\",\"@graph\":[{\"@type\":\"WebPage\",\"@id\":\"https:\\\/\\\/maritimelawyersmiami.com\\\/es\\\/about-us\\\/\",\"url\":\"https:\\\/\\\/maritimelawyersmiami.com\\\/es\\\/about-us\\\/\",\"name\":\"Nosotros - Saleh &amp; Sibirsky\",\"isPartOf\":{\"@id\":\"https:\\\/\\\/maritimelawyersmiami.com\\\/#website\"},\"datePublished\":\"2016-06-07T23:11:00+00:00\",\"dateModified\":\"2020-04-07T20:07:08+00:00\",\"breadcrumb\":{\"@id\":\"https:\\\/\\\/maritimelawyersmiami.com\\\/es\\\/about-us\\\/#breadcrumb\"},\"inLanguage\":\"es\",\"potentialAction\":[{\"@type\":\"ReadAction\",\"target\":[\"https:\\\/\\\/maritimelawyersmiami.com\\\/es\\\/about-us\\\/\"]}]},{\"@type\":\"BreadcrumbList\",\"@id\":\"https:\\\/\\\/maritimelawyersmiami.com\\\/es\\\/about-us\\\/#breadcrumb\",\"itemListElement\":[{\"@type\":\"ListItem\",\"position\":1,\"name\":\"Home\",\"item\":\"https:\\\/\\\/maritimelawyersmiami.com\\\/es\\\/\"},{\"@type\":\"ListItem\",\"position\":2,\"name\":\"Nosotros\"}]},{\"@type\":\"WebSite\",\"@id\":\"https:\\\/\\\/maritimelawyersmiami.com\\\/#website\",\"url\":\"https:\\\/\\\/maritimelawyersmiami.com\\\/\",\"name\":\"Saleh &amp; Sibirsky\",\"description\":\"Maritime Law Group\",\"potentialAction\":[{\"@type\":\"SearchAction\",\"target\":{\"@type\":\"EntryPoint\",\"urlTemplate\":\"https:\\\/\\\/maritimelawyersmiami.com\\\/?s={search_term_string}\"},\"query-input\":{\"@type\":\"PropertyValueSpecification\",\"valueRequired\":true,\"valueName\":\"search_term_string\"}}],\"inLanguage\":\"es\"}]}<\/script>\n<!-- \/ Yoast SEO plugin. -->","yoast_head_json":{"title":"Nosotros - Saleh &amp; Sibirsky","robots":{"index":"index","follow":"follow","max-snippet":"max-snippet:-1","max-image-preview":"max-image-preview:large","max-video-preview":"max-video-preview:-1"},"canonical":"https:\/\/maritimelawyersmiami.com\/es\/about-us\/","og_locale":"es_ES","og_type":"article","og_title":"Nosotros - Saleh &amp; Sibirsky","og_description":"[vc_row equal_height=\u00bbyes\u00bb bg_type=\u00bbbg_color\u00bb bg_override=\u00bbex-full\u00bb type=\u00bbvc_default\u00bb css=\u00bb.vc_custom_1564663647629{padding-top: 0px !important;padding-right: 0px !important;padding-bottom: 0px !important;padding-left: 0px !important;background-color: #ffffff !important;}\u00bb][vc_column width=\u00bb1\/2&#8243; css=\u00bb.vc_custom_1564664099489{padding-top: 60px !important;}\u00bb][vc_empty_space][vc_empty_space height=\u00bb16px\u00bb][vc_column_text el_class=\u00bbpagecontent\u00bb]El Dr. Saleh y Dr. Sibirsky est\u00e1n plenamente versados en litigios federales, as\u00ed como en los procedimientos y leyes aplicables para buscar compensaciones en tribunal federal en representaci\u00f3n de marineros, tripulantes y pasajeros lesionados&hellip;","og_url":"https:\/\/maritimelawyersmiami.com\/es\/about-us\/","og_site_name":"Saleh &amp; Sibirsky","article_modified_time":"2020-04-07T20:07:08+00:00","twitter_card":"summary_large_image","twitter_misc":{"Tiempo de lectura":"6 minutos"},"schema":{"@context":"https:\/\/schema.org","@graph":[{"@type":"WebPage","@id":"https:\/\/maritimelawyersmiami.com\/es\/about-us\/","url":"https:\/\/maritimelawyersmiami.com\/es\/about-us\/","name":"Nosotros - Saleh &amp; Sibirsky","isPartOf":{"@id":"https:\/\/maritimelawyersmiami.com\/#website"},"datePublished":"2016-06-07T23:11:00+00:00","dateModified":"2020-04-07T20:07:08+00:00","breadcrumb":{"@id":"https:\/\/maritimelawyersmiami.com\/es\/about-us\/#breadcrumb"},"inLanguage":"es","potentialAction":[{"@type":"ReadAction","target":["https:\/\/maritimelawyersmiami.com\/es\/about-us\/"]}]},{"@type":"BreadcrumbList","@id":"https:\/\/maritimelawyersmiami.com\/es\/about-us\/#breadcrumb","itemListElement":[{"@type":"ListItem","position":1,"name":"Home","item":"https:\/\/maritimelawyersmiami.com\/es\/"},{"@type":"ListItem","position":2,"name":"Nosotros"}]},{"@type":"WebSite","@id":"https:\/\/maritimelawyersmiami.com\/#website","url":"https:\/\/maritimelawyersmiami.com\/","name":"Saleh &amp; Sibirsky","description":"Maritime Law Group","potentialAction":[{"@type":"SearchAction","target":{"@type":"EntryPoint","urlTemplate":"https:\/\/maritimelawyersmiami.com\/?s={search_term_string}"},"query-input":{"@type":"PropertyValueSpecification","valueRequired":true,"valueName":"search_term_string"}}],"inLanguage":"es"}]}},"_links":{"self":[{"href":"https:\/\/maritimelawyersmiami.com\/es\/wp-json\/wp\/v2\/pages\/1173","targetHints":{"allow":["GET"]}}],"collection":[{"href":"https:\/\/maritimelawyersmiami.com\/es\/wp-json\/wp\/v2\/pages"}],"about":[{"href":"https:\/\/maritimelawyersmiami.com\/es\/wp-json\/wp\/v2\/types\/page"}],"author":[{"embeddable":true,"href":"https:\/\/maritimelawyersmiami.com\/es\/wp-json\/wp\/v2\/users\/1"}],"replies":[{"embeddable":true,"href":"https:\/\/maritimelawyersmiami.com\/es\/wp-json\/wp\/v2\/comments?post=1173"}],"version-history":[{"count":5,"href":"https:\/\/maritimelawyersmiami.com\/es\/wp-json\/wp\/v2\/pages\/1173\/revisions"}],"predecessor-version":[{"id":1443,"href":"https:\/\/maritimelawyersmiami.com\/es\/wp-json\/wp\/v2\/pages\/1173\/revisions\/1443"}],"wp:attachment":[{"href":"https:\/\/maritimelawyersmiami.com\/es\/wp-json\/wp\/v2\/media?parent=1173"}],"curies":[{"name":"wp","href":"https:\/\/api.w.org\/{rel}","templated":true}]}}