{"id":1165,"date":"2019-07-31T20:45:34","date_gmt":"2019-07-31T20:45:34","guid":{"rendered":"https:\/\/maritimelawyersmiami.com\/maritime-wrongful-death\/"},"modified":"2020-05-12T18:11:11","modified_gmt":"2020-05-12T18:11:11","slug":"maritime-wrongful-death","status":"publish","type":"page","link":"https:\/\/maritimelawyersmiami.com\/es\/maritime-wrongful-death\/","title":{"rendered":"Muerte Por Neglicencia"},"content":{"rendered":"<p>[vc_row type=\u00bbvc_default\u00bb css=\u00bb.vc_custom_1561290872468{padding-top: 0px !important;padding-bottom: 0px !important;}\u00bb][vc_column]<div id=\"ultimate-heading-334069ed01ce7f86e\" class=\"uvc-heading ult-adjust-bottom-margin ultimate-heading-334069ed01ce7f86e uvc-4958 headingcont uvc-heading-default-font-sizes\" data-hspacer=\"no_spacer\"  data-halign=\"left\" style=\"text-align:left\"><div class=\"uvc-heading-spacer no_spacer\" style=\"top\"><\/div><div class=\"uvc-sub-heading ult-responsive\"  data-ultimate-target='.uvc-heading.ultimate-heading-334069ed01ce7f86e .uvc-sub-heading '  data-responsive-json-new='{\"font-size\":\"\",\"line-height\":\"\"}'  style=\"font-weight:normal;\">Abogados de Muerte Por Negligencia Bajo El Derecho Mar\u00edtimo General<\/div><\/div>[vc_empty_space height=\u00bb20px\u00bb][\/vc_column][\/vc_row][vc_row][vc_column width=\u00bb7\/12&#8243;][vc_column_text el_class=\u00bbpagecontent\u00bb]<span style=\"font-weight: 400;\">La muerte causada por negligencia o por un problema con el barco es una tragedia catastr\u00f3fica y angustiosa. El Derecho Mar\u00edtimo General ofrece protecci\u00f3n por reclamaciones de muerte por negligencia para pasajeros de crucero y tripulantes que han perdido su vida en aguas territoriales. La Ley Jones protege a c\u00f3nyuges y familiares dependientes de marineros que fallecieron mientras trabajaban en el mar, debido a la negligencia de su empleador. La Ley de Muerte en Alta Mar (DOHSA por su sigla en ingl\u00e9s) y la Ley de Compensaci\u00f3n para Estibadores y Trabajadores Portuarios (LHWCA por su sigla en ingl\u00e9s) tambi\u00e9n ofrece protecci\u00f3n y reclamaciones por da\u00f1os y perjuicios, dependiendo de las circunstancias espec\u00edficas del caso. Por favor contacte a <\/span><i><span style=\"font-weight: 400;\">The Maritime Law Group<\/span><\/i><span style=\"font-weight: 400;\"> si tal evento devastador le ocurri\u00f3 a su ser querido. Estamos a su disposici\u00f3n para promover en\u00e9rgicamente su reclamaci\u00f3n hasta el m\u00e1ximo grado que permite la ley.<\/span>[\/vc_column_text][vc_empty_space height=\u00bb130px\u00bb][\/vc_column][vc_column width=\u00bb5\/12&#8243; css=\u00bb.vc_custom_1564605832892{margin-top: -30px !important;}\u00bb][vc_single_image image=\u00bb1117&#8243; img_size=\u00bbfull\u00bb alignment=\u00bbright\u00bb][\/vc_column][\/vc_row][vc_row full_width=\u00bbstretch_row\u00bb bg_type=\u00bbimage\u00bb parallax_style=\u00bbvcpb-default\u00bb bg_image_new=\u00bbid^738|url^https:\/\/maritimelawyersmiami.com\/wp-content\/uploads\/2019\/05\/bg2.jpg|caption^null|alt^null|title^bg2|description^null\u00bb bg_img_attach=\u00bbfixed\u00bb css=\u00bb.vc_custom_1559228671194{padding-top: 80px !important;padding-bottom: 80px !important;background-image: url(https:\/\/maritimelawyersmiami.com\/wp-content\/uploads\/2019\/05\/bg2.jpg?id=738) !important;background-position: center !important;background-repeat: no-repeat !important;background-size: cover !important;}\u00bb][vc_column][vc_row_inner][vc_column_inner width=\u00bb5\/12&#8243;]<div id=\"ultimate-heading-798169ed01ce7f8dc\" class=\"uvc-heading ult-adjust-bottom-margin ultimate-heading-798169ed01ce7f8dc uvc-9558 headingcont headingcont3\" data-hspacer=\"no_spacer\"  data-halign=\"left\" style=\"text-align:left\"><div class=\"uvc-heading-spacer no_spacer\" style=\"top\"><\/div><div class=\"uvc-sub-heading ult-responsive\"  data-ultimate-target='.uvc-heading.ultimate-heading-798169ed01ce7f8dc .uvc-sub-heading '  data-responsive-json-new='{\"font-size\":\"\",\"line-height\":\"\"}'  style=\"font-weight:normal;\">Cont\u00e1ctenos hoy para<br \/>\nuna consulta inicial gratis<\/div><\/div>[\/vc_column_inner][vc_column_inner width=\u00bb7\/12&#8243;][vc_raw_html]JTNDZGl2JTIwY2xhc3MlM0QlMjJyb3clMjIlM0UlMEElMjAlMjAlMjAlMjAlMjAlMjAlMjAlMjAlM0NkaXYlMjBjbGFzcyUzRCUyMmNvbC1tZC02JTIyJTNFJTBBJTIwJTIwJTIwJTIwJTIwJTIwJTIwJTIwJTIwJTIwJTIwJTIwJTIwJTIwJTIwJTIwJTNDZGl2JTIwY2xhc3MlM0QlMjJidG0tdGV4dCUyMiUzRSUwQSUyMCUyMCUyMCUyMCUyMCUyMCUyMCUyMCUyMCUyMCUyMCUyMCUyMCUyMCUyMCUyMCUyMCUyMCUyMCUyMCUyMCUyMCUyMCUyMCUzQ2ltZyUyMHNyYyUzRCUyMmh0dHBzJTNBJTJGJTJGbWFyaXRpbWVsYXd5ZXJzbWlhbWkuY29tJTJGd3AtY29udGVudCUyRnVwbG9hZHMlMkYyMDE5JTJGMDUlMkZtYXAxLnBuZyUyMiUzRSUwQSUyMCUyMCUyMCUyMCUyMCUyMCUyMCUyMCUyMCUyMCUyMCUyMCUyMCUyMCUyMCUyMCUyMCUyMCUyMCUyMCUyMCUyMCUyMCUyMCUzQ3AlM0UxNDclMjBTZXZpbGxhJTIwQXZlLiUzQ2JyJTNFJTBBJTIwJTIwJTIwJTIwJTIwJTIwJTIwJTIwJTIwJTIwJTIwJTIwJTIwJTIwJTIwJTIwJTIwJTIwJTIwJTIwJTIwJTIwJTIwJTIwJTIwJTIwJTIwJTIwJTIwJTIwJTIwJTIwTWlhbWklMkMlMjBGTCUyMDMzMTM0LiUzQyUyRnAlM0UlMEElMjAlMjAlMjAlMjAlMjAlMjAlMjAlMjAlMjAlMjAlMjAlMjAlMjAlMjAlMjAlMjAlM0MlMkZkaXYlM0UlMEElMEElMjAlMjAlMjAlMjAlMjAlMjAlMjAlMjAlMjAlMjAlMjAlMjAlMjAlMjAlMjAlMjAlM0NkaXYlMjBjbGFzcyUzRCUyMmJ0bS10ZXh0JTIyJTNFJTBBJTIwJTIwJTIwJTIwJTIwJTIwJTIwJTIwJTIwJTIwJTIwJTIwJTIwJTIwJTIwJTIwJTIwJTIwJTIwJTIwJTIwJTIwJTIwJTIwJTNDaW1nJTIwc3JjJTNEJTIyaHR0cHMlM0ElMkYlMkZtYXJpdGltZWxhd3llcnNtaWFtaS5jb20lMkZ3cC1jb250ZW50JTJGdXBsb2FkcyUyRjIwMTklMkYwNSUyRm1hcDIucG5nJTIyJTNFJTBBJTIwJTIwJTIwJTIwJTIwJTIwJTIwJTIwJTIwJTIwJTIwJTIwJTIwJTIwJTIwJTIwJTIwJTIwJTIwJTIwJTIwJTIwJTIwJTIwJTNDcCUzRSUyODgwMCUyOSUyMDk5MC04NTk1JTNDJTJGcCUzRSUwQSUyMCUyMCUyMCUyMCUyMCUyMCUyMCUyMCUyMCUyMCUyMCUyMCUyMCUyMCUyMCUyMCUzQyUyRmRpdiUzRSUwQSUyMCUyMCUyMCUyMCUyMCUyMCUyMCUyMCUzQyUyRmRpdiUzRSUwQSUyMCUyMCUyMCUyMCUyMCUyMCUyMCUyMCUzQ2RpdiUyMGNsYXNzJTNEJTIyY29sLW1kLTYlMjIlM0UlMEElMEElMjAlMjAlMjAlMjAlMjAlMjAlMjAlMjAlMjAlMjAlMjAlMjAlMjAlMjAlMjAlMjAlM0NkaXYlMjBjbGFzcyUzRCUyMmJ0bS10ZXh0JTIyJTNFJTBBJTIwJTIwJTIwJTIwJTIwJTIwJTIwJTIwJTIwJTIwJTIwJTIwJTIwJTIwJTIwJTIwJTIwJTIwJTIwJTIwJTIwJTIwJTIwJTIwJTNDaW1nJTIwc3JjJTNEJTIyaHR0cHMlM0ElMkYlMkZtYXJpdGltZWxhd3llcnNtaWFtaS5jb20lMkZ3cC1jb250ZW50JTJGdXBsb2FkcyUyRjIwMTklMkYwNSUyRm1hcDEucG5nJTIyJTNFJTBBJTIwJTIwJTIwJTIwJTIwJTIwJTIwJTIwJTIwJTIwJTIwJTIwJTIwJTIwJTIwJTIwJTIwJTIwJTIwJTIwJTIwJTIwJTIwJTIwJTNDcCUzRTcwMSUyMEJyaWNrZWxsJTIwQXZlLiUyMFN1aXRlJTIwMTU1MCUzQ2JyJTNFTWlhbWklMkMlMjBGTCUyMDMzMTMxLiUzQyUyRnAlM0UlMEElMjAlMjAlMjAlMjAlMjAlMjAlMjAlMjAlMjAlMjAlMjAlMjAlMjAlMjAlMjAlMjAlM0MlMkZkaXYlM0UlMEElMEElMjAlMjAlMjAlMjAlMjAlMjAlMjAlMjAlM0MlMkZkaXYlM0UlMEElM0MlMkZkaXYlM0U=[\/vc_raw_html][\/vc_column_inner][\/vc_row_inner][vc_row_inner el_id=\u00bbfootercontactform\u00bb][vc_column_inner]<form class=\"dt-contact-form dt-form\" method=\"post\"><input type=\"hidden\" name=\"widget_id\" value=\"presscore-contact-form-widget--1\" \/><input type=\"hidden\" name=\"send_message\" value=\"\" \/><input type=\"hidden\" name=\"security_token\" value=\"139220e2683f72f390c6\"\/><div class=\"form-fields\"><span class=\"form-name\"><label class=\"assistive-text\">Nombre *<\/label><input type=\"text\" class=\"validate[required]\" placeholder=\"Nombre *\" name=\"name\" value=\"\" aria-required=\"true\">\n<\/span><span class=\"form-mail\"><label class=\"assistive-text\">E-mail *<\/label><input type=\"text\" class=\"validate[required,custom[email]]\" placeholder=\"E-mail *\" name=\"email\" value=\"\" aria-required=\"true\">\n<\/span><span class=\"form-telephone\"><label class=\"assistive-text\">Tel\u00e9fono *<\/label><input type=\"text\" class=\"validate[required,custom[phone]]\" placeholder=\"Tel\u00e9fono *\" name=\"telephone\" value=\"\" aria-required=\"true\">\n<\/span><\/div><span class=\"form-message\"><label class=\"assistive-text\">Mensaje<\/label><textarea placeholder=\"Mensaje\" name=\"message\" rows=\"6\" aria-required=\"false\"><\/textarea>\n<\/span><p><a href=\"#\" class=\"dt-btn dt-btn-m dt-btn-submit\" rel=\"nofollow\"><span>Enviar<\/span><\/a><input class=\"assistive-text\" type=\"submit\" value=\"enviar\"><\/p><\/form>\n[\/vc_column_inner][\/vc_row_inner][\/vc_column][\/vc_row]<\/p>\n","protected":false},"excerpt":{"rendered":"<p>[vc_row type=\u00bbvc_default\u00bb css=\u00bb.vc_custom_1561290872468{padding-top: 0px !important;padding-bottom: 0px !important;}\u00bb][vc_column][vc_empty_space height=\u00bb20px\u00bb][\/vc_column][\/vc_row][vc_row][vc_column width=\u00bb7\/12&#8243;][vc_column_text el_class=\u00bbpagecontent\u00bb]La muerte causada por negligencia o por un problema con el barco es una tragedia catastr\u00f3fica y angustiosa. El Derecho Mar\u00edtimo General ofrece protecci\u00f3n por reclamaciones de muerte por negligencia para pasajeros de crucero y tripulantes que han perdido su vida en aguas territoriales. La Ley&hellip;<\/p>\n","protected":false},"author":1,"featured_media":0,"parent":0,"menu_order":1,"comment_status":"closed","ping_status":"closed","template":"","meta":{"footnotes":""},"class_list":["post-1165","page","type-page","status-publish","hentry","description-off"],"yoast_head":"<!-- This site is optimized with the Yoast SEO plugin v27.4 - https:\/\/yoast.com\/product\/yoast-seo-wordpress\/ -->\n<title>Muerte Por Neglicencia - Saleh &amp; Sibirsky<\/title>\n<meta name=\"robots\" content=\"index, follow, max-snippet:-1, max-image-preview:large, max-video-preview:-1\" \/>\n<link rel=\"canonical\" href=\"https:\/\/maritimelawyersmiami.com\/es\/maritime-wrongful-death\/\" \/>\n<meta property=\"og:locale\" content=\"es_ES\" \/>\n<meta property=\"og:type\" content=\"article\" \/>\n<meta property=\"og:title\" content=\"Muerte Por Neglicencia - Saleh &amp; Sibirsky\" \/>\n<meta property=\"og:description\" content=\"[vc_row type=\u00bbvc_default\u00bb css=\u00bb.vc_custom_1561290872468{padding-top: 0px !important;padding-bottom: 0px !important;}\u00bb][vc_column][vc_empty_space height=\u00bb20px\u00bb][\/vc_column][\/vc_row][vc_row][vc_column width=\u00bb7\/12&#8243;][vc_column_text el_class=\u00bbpagecontent\u00bb]La muerte causada por negligencia o por un problema con el barco es una tragedia catastr\u00f3fica y angustiosa. El Derecho Mar\u00edtimo General ofrece protecci\u00f3n por reclamaciones de muerte por negligencia para pasajeros de crucero y tripulantes que han perdido su vida en aguas territoriales. La Ley&hellip;\" \/>\n<meta property=\"og:url\" content=\"https:\/\/maritimelawyersmiami.com\/es\/maritime-wrongful-death\/\" \/>\n<meta property=\"og:site_name\" content=\"Saleh &amp; Sibirsky\" \/>\n<meta property=\"article:modified_time\" content=\"2020-05-12T18:11:11+00:00\" \/>\n<meta name=\"twitter:card\" content=\"summary_large_image\" \/>\n<meta name=\"twitter:label1\" content=\"Tiempo de lectura\" \/>\n\t<meta name=\"twitter:data1\" content=\"3 minutos\" \/>\n<script type=\"application\/ld+json\" class=\"yoast-schema-graph\">{\"@context\":\"https:\\\/\\\/schema.org\",\"@graph\":[{\"@type\":\"WebPage\",\"@id\":\"https:\\\/\\\/maritimelawyersmiami.com\\\/es\\\/maritime-wrongful-death\\\/\",\"url\":\"https:\\\/\\\/maritimelawyersmiami.com\\\/es\\\/maritime-wrongful-death\\\/\",\"name\":\"Muerte Por Neglicencia - Saleh &amp; Sibirsky\",\"isPartOf\":{\"@id\":\"https:\\\/\\\/maritimelawyersmiami.com\\\/#website\"},\"datePublished\":\"2019-07-31T20:45:34+00:00\",\"dateModified\":\"2020-05-12T18:11:11+00:00\",\"breadcrumb\":{\"@id\":\"https:\\\/\\\/maritimelawyersmiami.com\\\/es\\\/maritime-wrongful-death\\\/#breadcrumb\"},\"inLanguage\":\"es\",\"potentialAction\":[{\"@type\":\"ReadAction\",\"target\":[\"https:\\\/\\\/maritimelawyersmiami.com\\\/es\\\/maritime-wrongful-death\\\/\"]}]},{\"@type\":\"BreadcrumbList\",\"@id\":\"https:\\\/\\\/maritimelawyersmiami.com\\\/es\\\/maritime-wrongful-death\\\/#breadcrumb\",\"itemListElement\":[{\"@type\":\"ListItem\",\"position\":1,\"name\":\"Home\",\"item\":\"https:\\\/\\\/maritimelawyersmiami.com\\\/es\\\/\"},{\"@type\":\"ListItem\",\"position\":2,\"name\":\"Muerte Por Neglicencia\"}]},{\"@type\":\"WebSite\",\"@id\":\"https:\\\/\\\/maritimelawyersmiami.com\\\/#website\",\"url\":\"https:\\\/\\\/maritimelawyersmiami.com\\\/\",\"name\":\"Saleh &amp; Sibirsky\",\"description\":\"Maritime Law Group\",\"potentialAction\":[{\"@type\":\"SearchAction\",\"target\":{\"@type\":\"EntryPoint\",\"urlTemplate\":\"https:\\\/\\\/maritimelawyersmiami.com\\\/?s={search_term_string}\"},\"query-input\":{\"@type\":\"PropertyValueSpecification\",\"valueRequired\":true,\"valueName\":\"search_term_string\"}}],\"inLanguage\":\"es\"}]}<\/script>\n<!-- \/ Yoast SEO plugin. -->","yoast_head_json":{"title":"Muerte Por Neglicencia - Saleh &amp; Sibirsky","robots":{"index":"index","follow":"follow","max-snippet":"max-snippet:-1","max-image-preview":"max-image-preview:large","max-video-preview":"max-video-preview:-1"},"canonical":"https:\/\/maritimelawyersmiami.com\/es\/maritime-wrongful-death\/","og_locale":"es_ES","og_type":"article","og_title":"Muerte Por Neglicencia - Saleh &amp; Sibirsky","og_description":"[vc_row type=\u00bbvc_default\u00bb css=\u00bb.vc_custom_1561290872468{padding-top: 0px !important;padding-bottom: 0px !important;}\u00bb][vc_column][vc_empty_space height=\u00bb20px\u00bb][\/vc_column][\/vc_row][vc_row][vc_column width=\u00bb7\/12&#8243;][vc_column_text el_class=\u00bbpagecontent\u00bb]La muerte causada por negligencia o por un problema con el barco es una tragedia catastr\u00f3fica y angustiosa. El Derecho Mar\u00edtimo General ofrece protecci\u00f3n por reclamaciones de muerte por negligencia para pasajeros de crucero y tripulantes que han perdido su vida en aguas territoriales. La Ley&hellip;","og_url":"https:\/\/maritimelawyersmiami.com\/es\/maritime-wrongful-death\/","og_site_name":"Saleh &amp; Sibirsky","article_modified_time":"2020-05-12T18:11:11+00:00","twitter_card":"summary_large_image","twitter_misc":{"Tiempo de lectura":"3 minutos"},"schema":{"@context":"https:\/\/schema.org","@graph":[{"@type":"WebPage","@id":"https:\/\/maritimelawyersmiami.com\/es\/maritime-wrongful-death\/","url":"https:\/\/maritimelawyersmiami.com\/es\/maritime-wrongful-death\/","name":"Muerte Por Neglicencia - Saleh &amp; Sibirsky","isPartOf":{"@id":"https:\/\/maritimelawyersmiami.com\/#website"},"datePublished":"2019-07-31T20:45:34+00:00","dateModified":"2020-05-12T18:11:11+00:00","breadcrumb":{"@id":"https:\/\/maritimelawyersmiami.com\/es\/maritime-wrongful-death\/#breadcrumb"},"inLanguage":"es","potentialAction":[{"@type":"ReadAction","target":["https:\/\/maritimelawyersmiami.com\/es\/maritime-wrongful-death\/"]}]},{"@type":"BreadcrumbList","@id":"https:\/\/maritimelawyersmiami.com\/es\/maritime-wrongful-death\/#breadcrumb","itemListElement":[{"@type":"ListItem","position":1,"name":"Home","item":"https:\/\/maritimelawyersmiami.com\/es\/"},{"@type":"ListItem","position":2,"name":"Muerte Por Neglicencia"}]},{"@type":"WebSite","@id":"https:\/\/maritimelawyersmiami.com\/#website","url":"https:\/\/maritimelawyersmiami.com\/","name":"Saleh &amp; Sibirsky","description":"Maritime Law Group","potentialAction":[{"@type":"SearchAction","target":{"@type":"EntryPoint","urlTemplate":"https:\/\/maritimelawyersmiami.com\/?s={search_term_string}"},"query-input":{"@type":"PropertyValueSpecification","valueRequired":true,"valueName":"search_term_string"}}],"inLanguage":"es"}]}},"_links":{"self":[{"href":"https:\/\/maritimelawyersmiami.com\/es\/wp-json\/wp\/v2\/pages\/1165","targetHints":{"allow":["GET"]}}],"collection":[{"href":"https:\/\/maritimelawyersmiami.com\/es\/wp-json\/wp\/v2\/pages"}],"about":[{"href":"https:\/\/maritimelawyersmiami.com\/es\/wp-json\/wp\/v2\/types\/page"}],"author":[{"embeddable":true,"href":"https:\/\/maritimelawyersmiami.com\/es\/wp-json\/wp\/v2\/users\/1"}],"replies":[{"embeddable":true,"href":"https:\/\/maritimelawyersmiami.com\/es\/wp-json\/wp\/v2\/comments?post=1165"}],"version-history":[{"count":5,"href":"https:\/\/maritimelawyersmiami.com\/es\/wp-json\/wp\/v2\/pages\/1165\/revisions"}],"predecessor-version":[{"id":1681,"href":"https:\/\/maritimelawyersmiami.com\/es\/wp-json\/wp\/v2\/pages\/1165\/revisions\/1681"}],"wp:attachment":[{"href":"https:\/\/maritimelawyersmiami.com\/es\/wp-json\/wp\/v2\/media?parent=1165"}],"curies":[{"name":"wp","href":"https:\/\/api.w.org\/{rel}","templated":true}]}}