{"id":1160,"date":"2019-07-31T20:51:17","date_gmt":"2019-07-31T20:51:17","guid":{"rendered":"https:\/\/maritimelawyersmiami.com\/cruise-ship-assaults\/"},"modified":"2020-04-07T19:56:19","modified_gmt":"2020-04-07T19:56:19","slug":"cruise-ship-assaults","status":"publish","type":"page","link":"https:\/\/maritimelawyersmiami.com\/es\/cruise-ship-assaults\/","title":{"rendered":"Agresiones En Barcos De Crucero"},"content":{"rendered":"<p>[vc_row type=\u00bbvc_default\u00bb css=\u00bb.vc_custom_1561290872468{padding-top: 0px !important;padding-bottom: 0px !important;}\u00bb][vc_column]<div id=\"ultimate-heading-739569ecfb1176b7b\" class=\"uvc-heading ult-adjust-bottom-margin ultimate-heading-739569ecfb1176b7b uvc-9674 headingcont uvc-heading-default-font-sizes\" data-hspacer=\"no_spacer\"  data-halign=\"left\" style=\"text-align:left\"><div class=\"uvc-heading-spacer no_spacer\" style=\"top\"><\/div><div class=\"uvc-sub-heading ult-responsive\"  data-ultimate-target='.uvc-heading.ultimate-heading-739569ecfb1176b7b .uvc-sub-heading '  data-responsive-json-new='{\"font-size\":\"\",\"line-height\":\"\"}'  style=\"font-weight:normal;\">Agresiones En Barcos De Crucero<\/div><\/div>[vc_empty_space height=\u00bb20px\u00bb][\/vc_column][\/vc_row][vc_row][vc_column][vc_column_text el_class=\u00bbpagecontent\u00bb]<span style=\"font-weight: 400;\">Lamentablemente, ha habido numerosos casos de agresi\u00f3n sexual y violaci\u00f3n a bordo de barcos de crucero. <\/span><i><span style=\"font-weight: 400;\">The Maritime Law Group<\/span><\/i><span style=\"font-weight: 400;\"> abogar\u00e1 vehementemente por cualquier v\u00edctima de agresi\u00f3n sexual o violaci\u00f3n a bordo de un barco de crucero, quien potencialmente tenga derecho a compensaci\u00f3n de parte de la l\u00ednea de crucero por una variedad de razones, incluyendo no proporcionar la seguridad necesaria a bordo. Tambi\u00e9n debe destacarse que hay responsabilidad estricta si un pasajero es agredido por un tripulante dentro del curso de su empleo.<\/span>[\/vc_column_text][vc_empty_space height=\u00bb130px\u00bb][\/vc_column][\/vc_row][vc_row full_width=\u00bbstretch_row\u00bb bg_type=\u00bbimage\u00bb parallax_style=\u00bbvcpb-default\u00bb bg_image_new=\u00bbid^738|url^https:\/\/maritimelawyersmiami.com\/wp-content\/uploads\/2019\/05\/bg2.jpg|caption^null|alt^null|title^bg2|description^null\u00bb bg_img_attach=\u00bbfixed\u00bb css=\u00bb.vc_custom_1559228671194{padding-top: 80px !important;padding-bottom: 80px !important;background-image: url(https:\/\/maritimelawyersmiami.com\/wp-content\/uploads\/2019\/05\/bg2.jpg?id=738) !important;background-position: center !important;background-repeat: no-repeat !important;background-size: cover !important;}\u00bb][vc_column][vc_row_inner][vc_column_inner width=\u00bb5\/12&#8243;]<div id=\"ultimate-heading-382869ecfb1176bf4\" class=\"uvc-heading ult-adjust-bottom-margin ultimate-heading-382869ecfb1176bf4 uvc-1666 headingcont headingcont3\" data-hspacer=\"no_spacer\"  data-halign=\"left\" style=\"text-align:left\"><div class=\"uvc-heading-spacer no_spacer\" style=\"top\"><\/div><div class=\"uvc-sub-heading ult-responsive\"  data-ultimate-target='.uvc-heading.ultimate-heading-382869ecfb1176bf4 .uvc-sub-heading '  data-responsive-json-new='{\"font-size\":\"\",\"line-height\":\"\"}'  style=\"font-weight:normal;\">Cont\u00e1ctenos hoy para<br \/>\nuna consulta inicial gratis<\/div><\/div>[\/vc_column_inner][vc_column_inner width=\u00bb7\/12&#8243;][vc_raw_html]JTNDZGl2JTIwY2xhc3MlM0QlMjJyb3clMjIlM0UlMEElMjAlMjAlMjAlMjAlMjAlMjAlMjAlMjAlM0NkaXYlMjBjbGFzcyUzRCUyMmNvbC1tZC02JTIyJTNFJTBBJTIwJTIwJTIwJTIwJTIwJTIwJTIwJTIwJTIwJTIwJTIwJTIwJTIwJTIwJTIwJTIwJTNDZGl2JTIwY2xhc3MlM0QlMjJidG0tdGV4dCUyMiUzRSUwQSUyMCUyMCUyMCUyMCUyMCUyMCUyMCUyMCUyMCUyMCUyMCUyMCUyMCUyMCUyMCUyMCUyMCUyMCUyMCUyMCUyMCUyMCUyMCUyMCUzQ2ltZyUyMHNyYyUzRCUyMmh0dHBzJTNBJTJGJTJGd21iZXRhc2VydmVyLmNvbSUyRmRldiUyRmNsaWVudCUyRnNzJTJGd3AlMkZ3cC1jb250ZW50JTJGdXBsb2FkcyUyRjIwMTklMkYwNSUyRm1hcDEucG5nJTIyJTNFJTBBJTIwJTIwJTIwJTIwJTIwJTIwJTIwJTIwJTIwJTIwJTIwJTIwJTIwJTIwJTIwJTIwJTIwJTIwJTIwJTIwJTIwJTIwJTIwJTIwJTNDcCUzRTE0NyUyMFNldmlsbGElMjBBdmUuJTNDYnIlM0UlMEElMjAlMjAlMjAlMjAlMjAlMjAlMjAlMjAlMjAlMjAlMjAlMjAlMjAlMjAlMjAlMjAlMjAlMjAlMjAlMjAlMjAlMjAlMjAlMjAlMjAlMjAlMjAlMjAlMjAlMjAlMjAlMjBNaWFtaSUyQyUyMEZMJTIwMzMxMzQuJTNDJTJGcCUzRSUwQSUyMCUyMCUyMCUyMCUyMCUyMCUyMCUyMCUyMCUyMCUyMCUyMCUyMCUyMCUyMCUyMCUzQyUyRmRpdiUzRSUwQSUwQSUyMCUyMCUyMCUyMCUyMCUyMCUyMCUyMCUyMCUyMCUyMCUyMCUyMCUyMCUyMCUyMCUzQ2RpdiUyMGNsYXNzJTNEJTIyYnRtLXRleHQlMjIlM0UlMEElMjAlMjAlMjAlMjAlMjAlMjAlMjAlMjAlMjAlMjAlMjAlMjAlMjAlMjAlMjAlMjAlMjAlMjAlMjAlMjAlMjAlMjAlMjAlMjAlM0NpbWclMjBzcmMlM0QlMjJodHRwcyUzQSUyRiUyRndtYmV0YXNlcnZlci5jb20lMkZkZXYlMkZjbGllbnQlMkZzcyUyRndwJTJGd3AtY29udGVudCUyRnVwbG9hZHMlMkYyMDE5JTJGMDUlMkZtYXAyLnBuZyUyMiUzRSUwQSUyMCUyMCUyMCUyMCUyMCUyMCUyMCUyMCUyMCUyMCUyMCUyMCUyMCUyMCUyMCUyMCUyMCUyMCUyMCUyMCUyMCUyMCUyMCUyMCUzQ3AlM0UlMjg4MDAlMjklMjA5OTAtODU5NSUzQyUyRnAlM0UlMEElMjAlMjAlMjAlMjAlMjAlMjAlMjAlMjAlMjAlMjAlMjAlMjAlMjAlMjAlMjAlMjAlM0MlMkZkaXYlM0UlMEElMjAlMjAlMjAlMjAlMjAlMjAlMjAlMjAlM0MlMkZkaXYlM0UlMEElMjAlMjAlMjAlMjAlMjAlMjAlMjAlMjAlM0NkaXYlMjBjbGFzcyUzRCUyMmNvbC1tZC02JTIyJTNFJTBBJTBBJTIwJTIwJTIwJTIwJTIwJTIwJTIwJTIwJTIwJTIwJTIwJTIwJTIwJTIwJTIwJTIwJTNDZGl2JTIwY2xhc3MlM0QlMjJidG0tdGV4dCUyMiUzRSUwQSUyMCUyMCUyMCUyMCUyMCUyMCUyMCUyMCUyMCUyMCUyMCUyMCUyMCUyMCUyMCUyMCUyMCUyMCUyMCUyMCUyMCUyMCUyMCUyMCUzQ2ltZyUyMHNyYyUzRCUyMmh0dHBzJTNBJTJGJTJGd21iZXRhc2VydmVyLmNvbSUyRmRldiUyRmNsaWVudCUyRnNzJTJGd3AlMkZ3cC1jb250ZW50JTJGdXBsb2FkcyUyRjIwMTklMkYwNSUyRm1hcDEucG5nJTIyJTNFJTBBJTIwJTIwJTIwJTIwJTIwJTIwJTIwJTIwJTIwJTIwJTIwJTIwJTIwJTIwJTIwJTIwJTIwJTIwJTIwJTIwJTIwJTIwJTIwJTIwJTNDcCUzRTcwMSUyMEJyaWNrZWxsJTIwQXZlLiUyMFN1aXRlJTIwMTU1MCUzQ2JyJTNFTWlhbWklMkMlMjBGTCUyMDMzMTMxLiUzQyUyRnAlM0UlMEElMjAlMjAlMjAlMjAlMjAlMjAlMjAlMjAlMjAlMjAlMjAlMjAlMjAlMjAlMjAlMjAlM0MlMkZkaXYlM0UlMEElMEElMjAlMjAlMjAlMjAlMjAlMjAlMjAlMjAlM0MlMkZkaXYlM0UlMEElM0MlMkZkaXYlM0U=[\/vc_raw_html][\/vc_column_inner][\/vc_row_inner][vc_row_inner el_id=\u00bbfootercontactform\u00bb][vc_column_inner]<form class=\"dt-contact-form dt-form\" method=\"post\"><input type=\"hidden\" name=\"widget_id\" value=\"presscore-contact-form-widget--1\" \/><input type=\"hidden\" name=\"send_message\" value=\"\" \/><input type=\"hidden\" name=\"security_token\" value=\"139220e2683f72f390c6\"\/><div class=\"form-fields\"><span class=\"form-name\"><label class=\"assistive-text\">Nombre *<\/label><input type=\"text\" class=\"validate[required]\" placeholder=\"Nombre *\" name=\"name\" value=\"\" aria-required=\"true\">\n<\/span><span class=\"form-mail\"><label class=\"assistive-text\">E-mail *<\/label><input type=\"text\" class=\"validate[required,custom[email]]\" placeholder=\"E-mail *\" name=\"email\" value=\"\" aria-required=\"true\">\n<\/span><span class=\"form-telephone\"><label class=\"assistive-text\">Tel\u00e9fono *<\/label><input type=\"text\" class=\"validate[required,custom[phone]]\" placeholder=\"Tel\u00e9fono *\" name=\"telephone\" value=\"\" aria-required=\"true\">\n<\/span><\/div><span class=\"form-message\"><label class=\"assistive-text\">Mensaje<\/label><textarea placeholder=\"Mensaje\" name=\"message\" rows=\"6\" aria-required=\"false\"><\/textarea>\n<\/span><p><a href=\"#\" class=\"dt-btn dt-btn-m dt-btn-submit\" rel=\"nofollow\"><span>Enviar<\/span><\/a><input class=\"assistive-text\" type=\"submit\" value=\"enviar\"><\/p><\/form>\n[\/vc_column_inner][\/vc_row_inner][\/vc_column][\/vc_row]<\/p>\n","protected":false},"excerpt":{"rendered":"<p>[vc_row type=\u00bbvc_default\u00bb css=\u00bb.vc_custom_1561290872468{padding-top: 0px !important;padding-bottom: 0px !important;}\u00bb][vc_column][vc_empty_space height=\u00bb20px\u00bb][\/vc_column][\/vc_row][vc_row][vc_column][vc_column_text el_class=\u00bbpagecontent\u00bb]Lamentablemente, ha habido numerosos casos de agresi\u00f3n sexual y violaci\u00f3n a bordo de barcos de crucero. The Maritime Law Group abogar\u00e1 vehementemente por cualquier v\u00edctima de agresi\u00f3n sexual o violaci\u00f3n a bordo de un barco de crucero, quien potencialmente tenga derecho a compensaci\u00f3n de parte de la&hellip;<\/p>\n","protected":false},"author":1,"featured_media":0,"parent":0,"menu_order":1,"comment_status":"closed","ping_status":"closed","template":"","meta":{"footnotes":""},"class_list":["post-1160","page","type-page","status-publish","hentry","description-off"],"yoast_head":"<!-- This site is optimized with the Yoast SEO plugin v27.4 - https:\/\/yoast.com\/product\/yoast-seo-wordpress\/ -->\n<title>Agresiones En Barcos De Crucero - Saleh &amp; Sibirsky<\/title>\n<meta name=\"robots\" content=\"index, follow, max-snippet:-1, max-image-preview:large, max-video-preview:-1\" \/>\n<link rel=\"canonical\" href=\"https:\/\/maritimelawyersmiami.com\/es\/cruise-ship-assaults\/\" \/>\n<meta property=\"og:locale\" content=\"es_ES\" \/>\n<meta property=\"og:type\" content=\"article\" \/>\n<meta property=\"og:title\" content=\"Agresiones En Barcos De Crucero - Saleh &amp; Sibirsky\" \/>\n<meta property=\"og:description\" content=\"[vc_row type=\u00bbvc_default\u00bb css=\u00bb.vc_custom_1561290872468{padding-top: 0px !important;padding-bottom: 0px !important;}\u00bb][vc_column][vc_empty_space height=\u00bb20px\u00bb][\/vc_column][\/vc_row][vc_row][vc_column][vc_column_text el_class=\u00bbpagecontent\u00bb]Lamentablemente, ha habido numerosos casos de agresi\u00f3n sexual y violaci\u00f3n a bordo de barcos de crucero. The Maritime Law Group abogar\u00e1 vehementemente por cualquier v\u00edctima de agresi\u00f3n sexual o violaci\u00f3n a bordo de un barco de crucero, quien potencialmente tenga derecho a compensaci\u00f3n de parte de la&hellip;\" \/>\n<meta property=\"og:url\" content=\"https:\/\/maritimelawyersmiami.com\/es\/cruise-ship-assaults\/\" \/>\n<meta property=\"og:site_name\" content=\"Saleh &amp; Sibirsky\" \/>\n<meta property=\"article:modified_time\" content=\"2020-04-07T19:56:19+00:00\" \/>\n<meta name=\"twitter:card\" content=\"summary_large_image\" \/>\n<meta name=\"twitter:label1\" content=\"Tiempo de lectura\" \/>\n\t<meta name=\"twitter:data1\" content=\"2 minutos\" \/>\n<script type=\"application\/ld+json\" class=\"yoast-schema-graph\">{\"@context\":\"https:\\\/\\\/schema.org\",\"@graph\":[{\"@type\":\"WebPage\",\"@id\":\"https:\\\/\\\/maritimelawyersmiami.com\\\/es\\\/cruise-ship-assaults\\\/\",\"url\":\"https:\\\/\\\/maritimelawyersmiami.com\\\/es\\\/cruise-ship-assaults\\\/\",\"name\":\"Agresiones En Barcos De Crucero - Saleh &amp; Sibirsky\",\"isPartOf\":{\"@id\":\"https:\\\/\\\/maritimelawyersmiami.com\\\/#website\"},\"datePublished\":\"2019-07-31T20:51:17+00:00\",\"dateModified\":\"2020-04-07T19:56:19+00:00\",\"breadcrumb\":{\"@id\":\"https:\\\/\\\/maritimelawyersmiami.com\\\/es\\\/cruise-ship-assaults\\\/#breadcrumb\"},\"inLanguage\":\"es\",\"potentialAction\":[{\"@type\":\"ReadAction\",\"target\":[\"https:\\\/\\\/maritimelawyersmiami.com\\\/es\\\/cruise-ship-assaults\\\/\"]}]},{\"@type\":\"BreadcrumbList\",\"@id\":\"https:\\\/\\\/maritimelawyersmiami.com\\\/es\\\/cruise-ship-assaults\\\/#breadcrumb\",\"itemListElement\":[{\"@type\":\"ListItem\",\"position\":1,\"name\":\"Home\",\"item\":\"https:\\\/\\\/maritimelawyersmiami.com\\\/es\\\/\"},{\"@type\":\"ListItem\",\"position\":2,\"name\":\"Agresiones En Barcos De Crucero\"}]},{\"@type\":\"WebSite\",\"@id\":\"https:\\\/\\\/maritimelawyersmiami.com\\\/#website\",\"url\":\"https:\\\/\\\/maritimelawyersmiami.com\\\/\",\"name\":\"Saleh &amp; Sibirsky\",\"description\":\"Maritime Law Group\",\"potentialAction\":[{\"@type\":\"SearchAction\",\"target\":{\"@type\":\"EntryPoint\",\"urlTemplate\":\"https:\\\/\\\/maritimelawyersmiami.com\\\/?s={search_term_string}\"},\"query-input\":{\"@type\":\"PropertyValueSpecification\",\"valueRequired\":true,\"valueName\":\"search_term_string\"}}],\"inLanguage\":\"es\"}]}<\/script>\n<!-- \/ Yoast SEO plugin. -->","yoast_head_json":{"title":"Agresiones En Barcos De Crucero - Saleh &amp; Sibirsky","robots":{"index":"index","follow":"follow","max-snippet":"max-snippet:-1","max-image-preview":"max-image-preview:large","max-video-preview":"max-video-preview:-1"},"canonical":"https:\/\/maritimelawyersmiami.com\/es\/cruise-ship-assaults\/","og_locale":"es_ES","og_type":"article","og_title":"Agresiones En Barcos De Crucero - Saleh &amp; Sibirsky","og_description":"[vc_row type=\u00bbvc_default\u00bb css=\u00bb.vc_custom_1561290872468{padding-top: 0px !important;padding-bottom: 0px !important;}\u00bb][vc_column][vc_empty_space height=\u00bb20px\u00bb][\/vc_column][\/vc_row][vc_row][vc_column][vc_column_text el_class=\u00bbpagecontent\u00bb]Lamentablemente, ha habido numerosos casos de agresi\u00f3n sexual y violaci\u00f3n a bordo de barcos de crucero. The Maritime Law Group abogar\u00e1 vehementemente por cualquier v\u00edctima de agresi\u00f3n sexual o violaci\u00f3n a bordo de un barco de crucero, quien potencialmente tenga derecho a compensaci\u00f3n de parte de la&hellip;","og_url":"https:\/\/maritimelawyersmiami.com\/es\/cruise-ship-assaults\/","og_site_name":"Saleh &amp; Sibirsky","article_modified_time":"2020-04-07T19:56:19+00:00","twitter_card":"summary_large_image","twitter_misc":{"Tiempo de lectura":"2 minutos"},"schema":{"@context":"https:\/\/schema.org","@graph":[{"@type":"WebPage","@id":"https:\/\/maritimelawyersmiami.com\/es\/cruise-ship-assaults\/","url":"https:\/\/maritimelawyersmiami.com\/es\/cruise-ship-assaults\/","name":"Agresiones En Barcos De Crucero - Saleh &amp; Sibirsky","isPartOf":{"@id":"https:\/\/maritimelawyersmiami.com\/#website"},"datePublished":"2019-07-31T20:51:17+00:00","dateModified":"2020-04-07T19:56:19+00:00","breadcrumb":{"@id":"https:\/\/maritimelawyersmiami.com\/es\/cruise-ship-assaults\/#breadcrumb"},"inLanguage":"es","potentialAction":[{"@type":"ReadAction","target":["https:\/\/maritimelawyersmiami.com\/es\/cruise-ship-assaults\/"]}]},{"@type":"BreadcrumbList","@id":"https:\/\/maritimelawyersmiami.com\/es\/cruise-ship-assaults\/#breadcrumb","itemListElement":[{"@type":"ListItem","position":1,"name":"Home","item":"https:\/\/maritimelawyersmiami.com\/es\/"},{"@type":"ListItem","position":2,"name":"Agresiones En Barcos De Crucero"}]},{"@type":"WebSite","@id":"https:\/\/maritimelawyersmiami.com\/#website","url":"https:\/\/maritimelawyersmiami.com\/","name":"Saleh &amp; Sibirsky","description":"Maritime Law Group","potentialAction":[{"@type":"SearchAction","target":{"@type":"EntryPoint","urlTemplate":"https:\/\/maritimelawyersmiami.com\/?s={search_term_string}"},"query-input":{"@type":"PropertyValueSpecification","valueRequired":true,"valueName":"search_term_string"}}],"inLanguage":"es"}]}},"_links":{"self":[{"href":"https:\/\/maritimelawyersmiami.com\/es\/wp-json\/wp\/v2\/pages\/1160","targetHints":{"allow":["GET"]}}],"collection":[{"href":"https:\/\/maritimelawyersmiami.com\/es\/wp-json\/wp\/v2\/pages"}],"about":[{"href":"https:\/\/maritimelawyersmiami.com\/es\/wp-json\/wp\/v2\/types\/page"}],"author":[{"embeddable":true,"href":"https:\/\/maritimelawyersmiami.com\/es\/wp-json\/wp\/v2\/users\/1"}],"replies":[{"embeddable":true,"href":"https:\/\/maritimelawyersmiami.com\/es\/wp-json\/wp\/v2\/comments?post=1160"}],"version-history":[{"count":5,"href":"https:\/\/maritimelawyersmiami.com\/es\/wp-json\/wp\/v2\/pages\/1160\/revisions"}],"predecessor-version":[{"id":1437,"href":"https:\/\/maritimelawyersmiami.com\/es\/wp-json\/wp\/v2\/pages\/1160\/revisions\/1437"}],"wp:attachment":[{"href":"https:\/\/maritimelawyersmiami.com\/es\/wp-json\/wp\/v2\/media?parent=1160"}],"curies":[{"name":"wp","href":"https:\/\/api.w.org\/{rel}","templated":true}]}}