{"id":1154,"date":"2019-07-31T20:58:22","date_gmt":"2019-07-31T20:58:22","guid":{"rendered":"https:\/\/maritimelawyersmiami.com\/passenger-claims\/"},"modified":"2020-04-09T15:15:18","modified_gmt":"2020-04-09T15:15:18","slug":"passenger-claims","status":"publish","type":"page","link":"https:\/\/maritimelawyersmiami.com\/es\/passenger-claims\/","title":{"rendered":"Reclamaciones de Pasajeros"},"content":{"rendered":"<p>[vc_row type=\u00bbvc_default\u00bb css=\u00bb.vc_custom_1561290872468{padding-top: 0px !important;padding-bottom: 0px !important;}\u00bb][vc_column]<div id=\"ultimate-heading-380169ecf977d5c07\" class=\"uvc-heading ult-adjust-bottom-margin ultimate-heading-380169ecf977d5c07 uvc-220 headingcont uvc-heading-default-font-sizes\" data-hspacer=\"no_spacer\"  data-halign=\"left\" style=\"text-align:left\"><div class=\"uvc-heading-spacer no_spacer\" style=\"top\"><\/div><div class=\"uvc-sub-heading ult-responsive\"  data-ultimate-target='.uvc-heading.ultimate-heading-380169ecf977d5c07 .uvc-sub-heading '  data-responsive-json-new='{\"font-size\":\"\",\"line-height\":\"\"}'  style=\"font-weight:normal;\">Reclamaciones de Pasajeros<\/div><\/div>[vc_empty_space height=\u00bb20px\u00bb][\/vc_column][\/vc_row][vc_row][vc_column width=\u00bb7\/12&#8243;][vc_column_text el_class=\u00bbpagecontent\u00bb]<i><span style=\"font-weight: 400;\">The Maritime Law Group<\/span><\/i><span style=\"font-weight: 400;\"> est\u00e1 dedicado a abogar por pasajeros lesionados en barcos de crucero y otros nav\u00edos, quienes resultaron lesionados debido a que las personas<\/span><span style=\"font-weight: 400;\"> responsables por el barco de crucero u otro nav\u00edo omitieron proporcionar el est\u00e1ndar de cuidado necesario.<\/span><span style=\"font-weight: 400;\"> Hay importantes diferencias entre las reclamaciones por lesiones personales presentadas por trabajadores \u201ccon base en tierra\u201d y las presentadas por un pasajero en el mar.<\/span><\/p>\n<p><span style=\"font-weight: 400;\">El deber de proteger a los pasajeros tambi\u00e9n se aplica al da\u00f1o previsible por parte de otro pasajero. Adem\u00e1s, existe una relaci\u00f3n especial transportador-pasajero bajo la cual un transportador tiene el deber de proteger a los pasajeros contra la mala conducta de los tripulantes. Asimismo, los transportadores son estrictamente responsables si un tripulante agrede a un pasajero dentro del curso de su empleo.<\/span><\/p>\n<p><span style=\"font-weight: 400;\">Las lesiones de pasajeros en barcos de crucero son extremadamente comunes en el sector de los cruceros. Por ejemplo, pueden incluir resbalones y ca\u00eddas a bordo en la cubierta del barco o en la cabina, lesiones en la cabeza, intoxicaci\u00f3n por alimentos, lesiones de espalda y cuello, fracturas, etc. Tambi\u00e9n comprende, sin limitaci\u00f3n, robo, mala pr\u00e1ctica m\u00e9dica o seguridad deficiente a bordo del barco.<\/span><\/p>\n<p><span style=\"font-weight: 400;\">Aunque no toda lesi\u00f3n o accidente resultar\u00e1 en una reclamaci\u00f3n legal, <\/span><i><span style=\"font-weight: 400;\">The Maritime Law Group<\/span><\/i><span style=\"font-weight: 400;\"> tiene la capacidad de evaluar competente y honestamente sus circunstancias para determinar la viabilidad de su potencial reclamaci\u00f3n y estamos listos para representar sus intereses contundentemente en busca de la justicia que usted merece.<\/span>[\/vc_column_text][vc_empty_space height=\u00bb130px\u00bb][\/vc_column][vc_column width=\u00bb5\/12&#8243; css=\u00bb.vc_custom_1564605832892{margin-top: -30px !important;}\u00bb][vc_single_image image=\u00bb1113&#8243; img_size=\u00bbfull\u00bb alignment=\u00bbright\u00bb][\/vc_column][\/vc_row][vc_row full_width=\u00bbstretch_row\u00bb bg_type=\u00bbimage\u00bb parallax_style=\u00bbvcpb-default\u00bb bg_image_new=\u00bbid^738|url^https:\/\/maritimelawyersmiami.com\/wp-content\/uploads\/2019\/05\/bg2.jpg|caption^null|alt^null|title^bg2|description^null\u00bb bg_img_attach=\u00bbfixed\u00bb css=\u00bb.vc_custom_1559228671194{padding-top: 80px !important;padding-bottom: 80px !important;background-image: url(https:\/\/maritimelawyersmiami.com\/wp-content\/uploads\/2019\/05\/bg2.jpg?id=738) !important;background-position: center !important;background-repeat: no-repeat !important;background-size: cover !important;}\u00bb][vc_column][vc_row_inner][vc_column_inner width=\u00bb5\/12&#8243;]<div id=\"ultimate-heading-87269ecf977d5c81\" class=\"uvc-heading ult-adjust-bottom-margin ultimate-heading-87269ecf977d5c81 uvc-8897 headingcont headingcont3\" data-hspacer=\"no_spacer\"  data-halign=\"left\" style=\"text-align:left\"><div class=\"uvc-heading-spacer no_spacer\" style=\"top\"><\/div><div class=\"uvc-sub-heading ult-responsive\"  data-ultimate-target='.uvc-heading.ultimate-heading-87269ecf977d5c81 .uvc-sub-heading '  data-responsive-json-new='{\"font-size\":\"\",\"line-height\":\"\"}'  style=\"font-weight:normal;\">Cont\u00e1ctenos hoy para<br \/>\nuna consulta inicial gratis<\/div><\/div>[\/vc_column_inner][vc_column_inner width=\u00bb7\/12&#8243;][vc_column_text]<\/p>\n<div class=\"row\">\n<div class=\"col-md-6\">\n<div class=\"btm-text\"><img decoding=\"async\" src=\"https:\/\/maritimelawyersmiami.com\/wp-content\/uploads\/2019\/05\/map1.png\" \/>147 Sevilla Ave.<br \/>\nMiami, FL 33134.<\/div>\n<div class=\"btm-text\"><img decoding=\"async\" src=\"https:\/\/maritimelawyersmiami.com\/wp-content\/uploads\/2019\/05\/map2.png\" \/>(800) 990-8595<\/div>\n<\/div>\n<div class=\"col-md-6\">\n<div class=\"btm-text\"><img decoding=\"async\" src=\"https:\/\/maritimelawyersmiami.com\/wp-content\/uploads\/2019\/05\/map1.png\" \/>701 Brickell Ave. Suite 1550<br \/>\nMiami, FL 33131.<\/div>\n<\/div>\n<\/div>\n<p>[\/vc_column_text][\/vc_column_inner][\/vc_row_inner][vc_row_inner el_id=\u00bbfootercontactform\u00bb][vc_column_inner]<form class=\"dt-contact-form dt-form\" method=\"post\"><input type=\"hidden\" name=\"widget_id\" value=\"presscore-contact-form-widget--1\" \/><input type=\"hidden\" name=\"send_message\" value=\"\" \/><input type=\"hidden\" name=\"security_token\" value=\"139220e2683f72f390c6\"\/><div class=\"form-fields\"><span class=\"form-name\"><label class=\"assistive-text\">Nombre *<\/label><input type=\"text\" class=\"validate[required]\" placeholder=\"Nombre *\" name=\"name\" value=\"\" aria-required=\"true\">\n<\/span><span class=\"form-mail\"><label class=\"assistive-text\">E-mail *<\/label><input type=\"text\" class=\"validate[required,custom[email]]\" placeholder=\"E-mail *\" name=\"email\" value=\"\" aria-required=\"true\">\n<\/span><span class=\"form-telephone\"><label class=\"assistive-text\">Tel\u00e9fono *<\/label><input type=\"text\" class=\"validate[required,custom[phone]]\" placeholder=\"Tel\u00e9fono *\" name=\"telephone\" value=\"\" aria-required=\"true\">\n<\/span><\/div><span class=\"form-message\"><label class=\"assistive-text\">Mensaje<\/label><textarea placeholder=\"Mensaje\" name=\"message\" rows=\"6\" aria-required=\"false\"><\/textarea>\n<\/span><p><a href=\"#\" class=\"dt-btn dt-btn-m dt-btn-submit\" rel=\"nofollow\"><span>Enviar<\/span><\/a><input class=\"assistive-text\" type=\"submit\" value=\"enviar\"><\/p><\/form>\n[\/vc_column_inner][\/vc_row_inner][\/vc_column][\/vc_row]<\/p>\n","protected":false},"excerpt":{"rendered":"<p>[vc_row type=\u00bbvc_default\u00bb css=\u00bb.vc_custom_1561290872468{padding-top: 0px !important;padding-bottom: 0px !important;}\u00bb][vc_column][vc_empty_space height=\u00bb20px\u00bb][\/vc_column][\/vc_row][vc_row][vc_column width=\u00bb7\/12&#8243;][vc_column_text el_class=\u00bbpagecontent\u00bb]The Maritime Law Group est\u00e1 dedicado a abogar por pasajeros lesionados en barcos de crucero y otros nav\u00edos, quienes resultaron lesionados debido a que las personas responsables por el barco de crucero u otro nav\u00edo omitieron proporcionar el est\u00e1ndar de cuidado necesario. Hay importantes diferencias entre&hellip;<\/p>\n","protected":false},"author":1,"featured_media":0,"parent":0,"menu_order":1,"comment_status":"closed","ping_status":"closed","template":"","meta":{"footnotes":""},"class_list":["post-1154","page","type-page","status-publish","hentry","description-off"],"yoast_head":"<!-- This site is optimized with the Yoast SEO plugin v27.4 - https:\/\/yoast.com\/product\/yoast-seo-wordpress\/ -->\n<title>Reclamaciones de Pasajeros - Saleh &amp; Sibirsky<\/title>\n<meta name=\"robots\" content=\"index, follow, max-snippet:-1, max-image-preview:large, max-video-preview:-1\" \/>\n<link rel=\"canonical\" href=\"https:\/\/maritimelawyersmiami.com\/es\/passenger-claims\/\" \/>\n<meta property=\"og:locale\" content=\"es_ES\" \/>\n<meta property=\"og:type\" content=\"article\" \/>\n<meta property=\"og:title\" content=\"Reclamaciones de Pasajeros - Saleh &amp; Sibirsky\" \/>\n<meta property=\"og:description\" content=\"[vc_row type=\u00bbvc_default\u00bb css=\u00bb.vc_custom_1561290872468{padding-top: 0px !important;padding-bottom: 0px !important;}\u00bb][vc_column][vc_empty_space height=\u00bb20px\u00bb][\/vc_column][\/vc_row][vc_row][vc_column width=\u00bb7\/12&#8243;][vc_column_text el_class=\u00bbpagecontent\u00bb]The Maritime Law Group est\u00e1 dedicado a abogar por pasajeros lesionados en barcos de crucero y otros nav\u00edos, quienes resultaron lesionados debido a que las personas responsables por el barco de crucero u otro nav\u00edo omitieron proporcionar el est\u00e1ndar de cuidado necesario. Hay importantes diferencias entre&hellip;\" \/>\n<meta property=\"og:url\" content=\"https:\/\/maritimelawyersmiami.com\/es\/passenger-claims\/\" \/>\n<meta property=\"og:site_name\" content=\"Saleh &amp; Sibirsky\" \/>\n<meta property=\"article:modified_time\" content=\"2020-04-09T15:15:18+00:00\" \/>\n<meta property=\"og:image\" content=\"https:\/\/maritimelawyersmiami.com\/wp-content\/uploads\/2019\/05\/map1.png\" \/>\n<meta name=\"twitter:card\" content=\"summary_large_image\" \/>\n<meta name=\"twitter:label1\" content=\"Tiempo de lectura\" \/>\n\t<meta name=\"twitter:data1\" content=\"3 minutos\" \/>\n<script type=\"application\/ld+json\" class=\"yoast-schema-graph\">{\"@context\":\"https:\\\/\\\/schema.org\",\"@graph\":[{\"@type\":\"WebPage\",\"@id\":\"https:\\\/\\\/maritimelawyersmiami.com\\\/es\\\/passenger-claims\\\/\",\"url\":\"https:\\\/\\\/maritimelawyersmiami.com\\\/es\\\/passenger-claims\\\/\",\"name\":\"Reclamaciones de Pasajeros - Saleh &amp; Sibirsky\",\"isPartOf\":{\"@id\":\"https:\\\/\\\/maritimelawyersmiami.com\\\/#website\"},\"primaryImageOfPage\":{\"@id\":\"https:\\\/\\\/maritimelawyersmiami.com\\\/es\\\/passenger-claims\\\/#primaryimage\"},\"image\":{\"@id\":\"https:\\\/\\\/maritimelawyersmiami.com\\\/es\\\/passenger-claims\\\/#primaryimage\"},\"thumbnailUrl\":\"https:\\\/\\\/maritimelawyersmiami.com\\\/wp-content\\\/uploads\\\/2019\\\/05\\\/map1.png\",\"datePublished\":\"2019-07-31T20:58:22+00:00\",\"dateModified\":\"2020-04-09T15:15:18+00:00\",\"breadcrumb\":{\"@id\":\"https:\\\/\\\/maritimelawyersmiami.com\\\/es\\\/passenger-claims\\\/#breadcrumb\"},\"inLanguage\":\"es\",\"potentialAction\":[{\"@type\":\"ReadAction\",\"target\":[\"https:\\\/\\\/maritimelawyersmiami.com\\\/es\\\/passenger-claims\\\/\"]}]},{\"@type\":\"ImageObject\",\"inLanguage\":\"es\",\"@id\":\"https:\\\/\\\/maritimelawyersmiami.com\\\/es\\\/passenger-claims\\\/#primaryimage\",\"url\":\"https:\\\/\\\/maritimelawyersmiami.com\\\/wp-content\\\/uploads\\\/2019\\\/05\\\/map1.png\",\"contentUrl\":\"https:\\\/\\\/maritimelawyersmiami.com\\\/wp-content\\\/uploads\\\/2019\\\/05\\\/map1.png\"},{\"@type\":\"BreadcrumbList\",\"@id\":\"https:\\\/\\\/maritimelawyersmiami.com\\\/es\\\/passenger-claims\\\/#breadcrumb\",\"itemListElement\":[{\"@type\":\"ListItem\",\"position\":1,\"name\":\"Home\",\"item\":\"https:\\\/\\\/maritimelawyersmiami.com\\\/es\\\/\"},{\"@type\":\"ListItem\",\"position\":2,\"name\":\"Reclamaciones de Pasajeros\"}]},{\"@type\":\"WebSite\",\"@id\":\"https:\\\/\\\/maritimelawyersmiami.com\\\/#website\",\"url\":\"https:\\\/\\\/maritimelawyersmiami.com\\\/\",\"name\":\"Saleh &amp; Sibirsky\",\"description\":\"Maritime Law Group\",\"potentialAction\":[{\"@type\":\"SearchAction\",\"target\":{\"@type\":\"EntryPoint\",\"urlTemplate\":\"https:\\\/\\\/maritimelawyersmiami.com\\\/?s={search_term_string}\"},\"query-input\":{\"@type\":\"PropertyValueSpecification\",\"valueRequired\":true,\"valueName\":\"search_term_string\"}}],\"inLanguage\":\"es\"}]}<\/script>\n<!-- \/ Yoast SEO plugin. -->","yoast_head_json":{"title":"Reclamaciones de Pasajeros - Saleh &amp; Sibirsky","robots":{"index":"index","follow":"follow","max-snippet":"max-snippet:-1","max-image-preview":"max-image-preview:large","max-video-preview":"max-video-preview:-1"},"canonical":"https:\/\/maritimelawyersmiami.com\/es\/passenger-claims\/","og_locale":"es_ES","og_type":"article","og_title":"Reclamaciones de Pasajeros - Saleh &amp; Sibirsky","og_description":"[vc_row type=\u00bbvc_default\u00bb css=\u00bb.vc_custom_1561290872468{padding-top: 0px !important;padding-bottom: 0px !important;}\u00bb][vc_column][vc_empty_space height=\u00bb20px\u00bb][\/vc_column][\/vc_row][vc_row][vc_column width=\u00bb7\/12&#8243;][vc_column_text el_class=\u00bbpagecontent\u00bb]The Maritime Law Group est\u00e1 dedicado a abogar por pasajeros lesionados en barcos de crucero y otros nav\u00edos, quienes resultaron lesionados debido a que las personas responsables por el barco de crucero u otro nav\u00edo omitieron proporcionar el est\u00e1ndar de cuidado necesario. Hay importantes diferencias entre&hellip;","og_url":"https:\/\/maritimelawyersmiami.com\/es\/passenger-claims\/","og_site_name":"Saleh &amp; Sibirsky","article_modified_time":"2020-04-09T15:15:18+00:00","og_image":[{"url":"https:\/\/maritimelawyersmiami.com\/wp-content\/uploads\/2019\/05\/map1.png","type":"","width":"","height":""}],"twitter_card":"summary_large_image","twitter_misc":{"Tiempo de lectura":"3 minutos"},"schema":{"@context":"https:\/\/schema.org","@graph":[{"@type":"WebPage","@id":"https:\/\/maritimelawyersmiami.com\/es\/passenger-claims\/","url":"https:\/\/maritimelawyersmiami.com\/es\/passenger-claims\/","name":"Reclamaciones de Pasajeros - Saleh &amp; Sibirsky","isPartOf":{"@id":"https:\/\/maritimelawyersmiami.com\/#website"},"primaryImageOfPage":{"@id":"https:\/\/maritimelawyersmiami.com\/es\/passenger-claims\/#primaryimage"},"image":{"@id":"https:\/\/maritimelawyersmiami.com\/es\/passenger-claims\/#primaryimage"},"thumbnailUrl":"https:\/\/maritimelawyersmiami.com\/wp-content\/uploads\/2019\/05\/map1.png","datePublished":"2019-07-31T20:58:22+00:00","dateModified":"2020-04-09T15:15:18+00:00","breadcrumb":{"@id":"https:\/\/maritimelawyersmiami.com\/es\/passenger-claims\/#breadcrumb"},"inLanguage":"es","potentialAction":[{"@type":"ReadAction","target":["https:\/\/maritimelawyersmiami.com\/es\/passenger-claims\/"]}]},{"@type":"ImageObject","inLanguage":"es","@id":"https:\/\/maritimelawyersmiami.com\/es\/passenger-claims\/#primaryimage","url":"https:\/\/maritimelawyersmiami.com\/wp-content\/uploads\/2019\/05\/map1.png","contentUrl":"https:\/\/maritimelawyersmiami.com\/wp-content\/uploads\/2019\/05\/map1.png"},{"@type":"BreadcrumbList","@id":"https:\/\/maritimelawyersmiami.com\/es\/passenger-claims\/#breadcrumb","itemListElement":[{"@type":"ListItem","position":1,"name":"Home","item":"https:\/\/maritimelawyersmiami.com\/es\/"},{"@type":"ListItem","position":2,"name":"Reclamaciones de Pasajeros"}]},{"@type":"WebSite","@id":"https:\/\/maritimelawyersmiami.com\/#website","url":"https:\/\/maritimelawyersmiami.com\/","name":"Saleh &amp; Sibirsky","description":"Maritime Law Group","potentialAction":[{"@type":"SearchAction","target":{"@type":"EntryPoint","urlTemplate":"https:\/\/maritimelawyersmiami.com\/?s={search_term_string}"},"query-input":{"@type":"PropertyValueSpecification","valueRequired":true,"valueName":"search_term_string"}}],"inLanguage":"es"}]}},"_links":{"self":[{"href":"https:\/\/maritimelawyersmiami.com\/es\/wp-json\/wp\/v2\/pages\/1154","targetHints":{"allow":["GET"]}}],"collection":[{"href":"https:\/\/maritimelawyersmiami.com\/es\/wp-json\/wp\/v2\/pages"}],"about":[{"href":"https:\/\/maritimelawyersmiami.com\/es\/wp-json\/wp\/v2\/types\/page"}],"author":[{"embeddable":true,"href":"https:\/\/maritimelawyersmiami.com\/es\/wp-json\/wp\/v2\/users\/1"}],"replies":[{"embeddable":true,"href":"https:\/\/maritimelawyersmiami.com\/es\/wp-json\/wp\/v2\/comments?post=1154"}],"version-history":[{"count":5,"href":"https:\/\/maritimelawyersmiami.com\/es\/wp-json\/wp\/v2\/pages\/1154\/revisions"}],"predecessor-version":[{"id":1503,"href":"https:\/\/maritimelawyersmiami.com\/es\/wp-json\/wp\/v2\/pages\/1154\/revisions\/1503"}],"wp:attachment":[{"href":"https:\/\/maritimelawyersmiami.com\/es\/wp-json\/wp\/v2\/media?parent=1154"}],"curies":[{"name":"wp","href":"https:\/\/api.w.org\/{rel}","templated":true}]}}