{"id":1146,"date":"2019-06-23T11:53:03","date_gmt":"2019-06-23T11:53:03","guid":{"rendered":"https:\/\/maritimelawyersmiami.com\/seaman-crew-claims\/"},"modified":"2020-04-07T20:01:14","modified_gmt":"2020-04-07T20:01:14","slug":"seaman-crew-claims","status":"publish","type":"page","link":"https:\/\/maritimelawyersmiami.com\/es\/seaman-crew-claims\/","title":{"rendered":"Reclamaciones de Marineros y Tripulantes"},"content":{"rendered":"<p>[vc_row type=\u00bbvc_default\u00bb css=\u00bb.vc_custom_1561290872468{padding-top: 0px !important;padding-bottom: 0px !important;}\u00bb][vc_column]<div id=\"ultimate-heading-147269ecfcb591492\" class=\"uvc-heading ult-adjust-bottom-margin ultimate-heading-147269ecfcb591492 uvc-5321 headingcont uvc-heading-default-font-sizes\" data-hspacer=\"no_spacer\"  data-halign=\"left\" style=\"text-align:left\"><div class=\"uvc-heading-spacer no_spacer\" style=\"top\"><\/div><div class=\"uvc-sub-heading ult-responsive\"  data-ultimate-target='.uvc-heading.ultimate-heading-147269ecfcb591492 .uvc-sub-heading '  data-responsive-json-new='{\"font-size\":\"\",\"line-height\":\"\"}'  style=\"font-weight:normal;\">Abogados de la Ley Mar\u00edtima y Ley Jones Para<br \/>\nMiembros de Tripulaci\u00f3n y Marineros.<\/div><\/div>[vc_empty_space height=\u00bb60px\u00bb][\/vc_column][vc_column width=\u00bb7\/12&#8243; css=\u00bb.vc_custom_1561286165177{padding-bottom: 0px !important;}\u00bb el_class=\u00bbattorneys-men\u00bb][vc_column_text el_class=\u00bbpagecontent\u00bb]<i><span style=\"font-weight: 400;\">The Maritime Law Group<\/span><\/i><span style=\"font-weight: 400;\"> est\u00e1 apasionadamente comprometido a abogar por tripulantes y marineros. Buscamos informar a los tripulantes y marineros, quienes est\u00e1n expuestos a singulares riesgos y peligros en barcos (tales como barcos de crucero, remolcadores, barcazas m\u00f3viles, embarcaciones de suministro, yates, etc.) con respecto a extensas protecciones y recursos que se les ofrece bajo el Derecho Mar\u00edtimo General y la Ley Jones (un estatuto federal). Adem\u00e1s, estamos dedicados a utilizar \u2013hasta el m\u00e1ximo grado posible\u2013 los recursos disponibles bajo la ley para obtener tratamiento m\u00e9dico y compensaci\u00f3n para marineros lesionados. La Ley Jones es un estatuto federal clave que proporciona compensaciones y sustanciales protecciones para marineros lesionados cuando la negligencia de su empleador caus\u00f3 o contribuy\u00f3 a su lesi\u00f3n.<\/span>[\/vc_column_text][\/vc_column][vc_column width=\u00bb5\/12&#8243; css=\u00bb.vc_custom_1561033975190{padding-bottom: 0px !important;}\u00bb][vc_single_image image=\u00bb1109&#8243; img_size=\u00bbfull\u00bb alignment=\u00bbright\u00bb css=\u00bb.vc_custom_1566335020526{margin-top: -100px !important;}\u00bb][\/vc_column][vc_column][vc_empty_space height=\u00bb60px\u00bb]<div id=\"ultimate-heading-960569ecfcb59150a\" class=\"uvc-heading ult-adjust-bottom-margin ultimate-heading-960569ecfcb59150a uvc-8244 headingcont uvc-heading-default-font-sizes\" data-hspacer=\"no_spacer\"  data-halign=\"left\" style=\"text-align:left\"><div class=\"uvc-heading-spacer no_spacer\" style=\"top\"><\/div><div class=\"uvc-sub-heading ult-responsive\"  data-ultimate-target='.uvc-heading.ultimate-heading-960569ecfcb59150a .uvc-sub-heading '  data-responsive-json-new='{\"font-size\":\"\",\"line-height\":\"\"}'  style=\"font-weight:normal;\"><span style=\"font-weight: bold;\">Bajo la Ley Jones, un marinero puede buscar importantes compensaciones, incluyendo las siguientes:<\/span><\/div><\/div>[\/vc_column][vc_column width=\u00bb7\/12&#8243;][vc_empty_space height=\u00bb30px\u00bb][vc_column_text el_class=\u00bbpagecontent\u00bb]<\/p>\n<ol>\n<li><span style=\"color: #000000;\"><span style=\"font-weight: 400;\">Cuidado m\u00e9dico y tratamiento<\/span>.<\/span><\/li>\n<li><span style=\"color: #000000;\"><span style=\"font-weight: 400;\">Compensaci\u00f3n por p\u00e9rdida de salarios y p\u00e9rdida de capacidad de generar ingresos<\/span>.<\/span><\/li>\n<li><span style=\"color: #000000;\"><span style=\"font-weight: 400;\">Compensaci\u00f3n por dolor y sufrimiento, p\u00e9rdida del disfrute de la vida, etc<\/span>.<\/span><\/li>\n<\/ol>\n<p>[\/vc_column_text][vc_empty_space height=\u00bb30px\u00bb][vc_column_text el_class=\u00bbpagecontent\u00bb]<span style=\"font-weight: 400;\">Adem\u00e1s, bajo el Derecho Mar\u00edtimo General, en base a la doctrina de navegabilidad, un nav\u00edo debe estar en condiciones razonablemente adecuadas para su prop\u00f3sito previsto. El Derecho Mar\u00edtimo General ofrece a un marinero lesionado m\u00faltiples recursos contra su empleador al sufrir una lesi\u00f3n a causa de que el nav\u00edo no estaba en condiciones razonablemente adecuadas para su prop\u00f3sito previsto, incluyendo las siguientes:<\/span>[\/vc_column_text][vc_empty_space height=\u00bb30px\u00bb][vc_column_text el_class=\u00bbpagecontent\u00bb]<\/p>\n<ol>\n<li><span style=\"color: #000000;\"><span style=\"font-weight: 400;\">Compensaci\u00f3n por salarios no devengados.<\/span><\/span><\/li>\n<li><span style=\"color: #000000;\"><span style=\"font-weight: 400;\">Manutenci\u00f3n (es decir, compensaci\u00f3n por alojamiento, alimentos y facturas durante la recuperaci\u00f3n de un accidente)<\/span>.<\/span><\/li>\n<li><span style=\"color: #000000;\"><span style=\"font-weight: 400;\">Curaci\u00f3n (es decir, cuidado m\u00e9dico)<\/span>.<\/span><\/li>\n<li><span style=\"color: #000000;\"><span style=\"font-weight: 400;\">Compensaci\u00f3n por dolor y sufrimiento<\/span>.<\/span><\/li>\n<\/ol>\n<p>[\/vc_column_text][vc_empty_space height=\u00bb60px\u00bb][\/vc_column][vc_column width=\u00bb5\/12&#8243;][vc_single_image image=\u00bb1111&#8243; img_size=\u00bbfull\u00bb alignment=\u00bbright\u00bb][\/vc_column][\/vc_row][vc_row full_width=\u00bbstretch_row\u00bb bg_type=\u00bbimage\u00bb parallax_style=\u00bbvcpb-default\u00bb bg_image_new=\u00bbid^738|url^https:\/\/maritimelawyersmiami.com\/wp-content\/uploads\/2019\/05\/bg2.jpg|caption^null|alt^null|title^bg2|description^null\u00bb bg_img_attach=\u00bbfixed\u00bb css=\u00bb.vc_custom_1559228671194{padding-top: 80px !important;padding-bottom: 80px !important;background-image: url(https:\/\/maritimelawyersmiami.com\/wp-content\/uploads\/2019\/05\/bg2.jpg?id=738) !important;background-position: center !important;background-repeat: no-repeat !important;background-size: cover !important;}\u00bb][vc_column][vc_row_inner][vc_column_inner width=\u00bb5\/12&#8243;]<div id=\"ultimate-heading-32669ecfcb59155f\" class=\"uvc-heading ult-adjust-bottom-margin ultimate-heading-32669ecfcb59155f uvc-676 headingcont headingcont3\" data-hspacer=\"no_spacer\"  data-halign=\"left\" style=\"text-align:left\"><div class=\"uvc-heading-spacer no_spacer\" style=\"top\"><\/div><div class=\"uvc-sub-heading ult-responsive\"  data-ultimate-target='.uvc-heading.ultimate-heading-32669ecfcb59155f .uvc-sub-heading '  data-responsive-json-new='{\"font-size\":\"\",\"line-height\":\"\"}'  style=\"font-weight:normal;\">Cont\u00e1ctenos hoy para<br \/>\nuna consulta inicial gratis<\/div><\/div>[\/vc_column_inner][vc_column_inner width=\u00bb7\/12&#8243;][vc_column_text]<\/p>\n<div class=\"row\">\n<div class=\"col-md-6\">\n<div class=\"btm-text\"><img decoding=\"async\" src=\"https:\/\/maritimelawyersmiami.com\/wp-content\/uploads\/2019\/05\/map1.png\" \/>147 Sevilla Ave.<br \/>\nMiami, FL 33134.<\/div>\n<div class=\"btm-text\"><img decoding=\"async\" src=\"https:\/\/maritimelawyersmiami.com\/wp-content\/uploads\/2019\/05\/map2.png\" \/>(800) 990-8595<\/div>\n<\/div>\n<div class=\"col-md-6\">\n<div class=\"btm-text\"><img decoding=\"async\" src=\"https:\/\/maritimelawyersmiami.com\/wp-content\/uploads\/2019\/05\/map1.png\" \/>701 Brickell Ave. Suite 1550<br \/>\nMiami, FL 33131.<\/div>\n<\/div>\n<\/div>\n<p>[\/vc_column_text][\/vc_column_inner][\/vc_row_inner][vc_row_inner el_id=\u00bbfootercontactform\u00bb][vc_column_inner]<form class=\"dt-contact-form dt-form\" method=\"post\"><input type=\"hidden\" name=\"widget_id\" value=\"presscore-contact-form-widget--1\" \/><input type=\"hidden\" name=\"send_message\" value=\"\" \/><input type=\"hidden\" name=\"security_token\" value=\"139220e2683f72f390c6\"\/><div class=\"form-fields\"><span class=\"form-name\"><label class=\"assistive-text\">Nombre *<\/label><input type=\"text\" class=\"validate[required]\" placeholder=\"Nombre *\" name=\"name\" value=\"\" aria-required=\"true\">\n<\/span><span class=\"form-mail\"><label class=\"assistive-text\">E-mail *<\/label><input type=\"text\" class=\"validate[required,custom[email]]\" placeholder=\"E-mail *\" name=\"email\" value=\"\" aria-required=\"true\">\n<\/span><span class=\"form-telephone\"><label class=\"assistive-text\">Tel\u00e9fono *<\/label><input type=\"text\" class=\"validate[required,custom[phone]]\" placeholder=\"Tel\u00e9fono *\" name=\"telephone\" value=\"\" aria-required=\"true\">\n<\/span><\/div><span class=\"form-message\"><label class=\"assistive-text\">Mensaje<\/label><textarea placeholder=\"Mensaje\" name=\"message\" rows=\"6\" aria-required=\"false\"><\/textarea>\n<\/span><p><a href=\"#\" class=\"dt-btn dt-btn-m dt-btn-submit\" rel=\"nofollow\"><span>Enviar<\/span><\/a><input class=\"assistive-text\" type=\"submit\" value=\"enviar\"><\/p><\/form>\n[\/vc_column_inner][\/vc_row_inner][\/vc_column][\/vc_row]<\/p>\n","protected":false},"excerpt":{"rendered":"<p>[vc_row type=\u00bbvc_default\u00bb css=\u00bb.vc_custom_1561290872468{padding-top: 0px !important;padding-bottom: 0px !important;}\u00bb][vc_column][vc_empty_space height=\u00bb60px\u00bb][\/vc_column][vc_column width=\u00bb7\/12&#8243; css=\u00bb.vc_custom_1561286165177{padding-bottom: 0px !important;}\u00bb el_class=\u00bbattorneys-men\u00bb][vc_column_text el_class=\u00bbpagecontent\u00bb]The Maritime Law Group est\u00e1 apasionadamente comprometido a abogar por tripulantes y marineros. Buscamos informar a los tripulantes y marineros, quienes est\u00e1n expuestos a singulares riesgos y peligros en barcos (tales como barcos de crucero, remolcadores, barcazas m\u00f3viles, embarcaciones de suministro, yates,&hellip;<\/p>\n","protected":false},"author":1,"featured_media":0,"parent":0,"menu_order":1,"comment_status":"closed","ping_status":"closed","template":"","meta":{"footnotes":""},"class_list":["post-1146","page","type-page","status-publish","hentry","description-off"],"yoast_head":"<!-- This site is optimized with the Yoast SEO plugin v27.4 - https:\/\/yoast.com\/product\/yoast-seo-wordpress\/ -->\n<title>Reclamaciones de Marineros y Tripulantes - Saleh &amp; Sibirsky<\/title>\n<meta name=\"robots\" content=\"index, follow, max-snippet:-1, max-image-preview:large, max-video-preview:-1\" \/>\n<link rel=\"canonical\" href=\"https:\/\/maritimelawyersmiami.com\/es\/seaman-crew-claims\/\" \/>\n<meta property=\"og:locale\" content=\"es_ES\" \/>\n<meta property=\"og:type\" content=\"article\" \/>\n<meta property=\"og:title\" content=\"Reclamaciones de Marineros y Tripulantes - Saleh &amp; Sibirsky\" \/>\n<meta property=\"og:description\" content=\"[vc_row type=\u00bbvc_default\u00bb css=\u00bb.vc_custom_1561290872468{padding-top: 0px !important;padding-bottom: 0px !important;}\u00bb][vc_column][vc_empty_space height=\u00bb60px\u00bb][\/vc_column][vc_column width=\u00bb7\/12&#8243; css=\u00bb.vc_custom_1561286165177{padding-bottom: 0px !important;}\u00bb el_class=\u00bbattorneys-men\u00bb][vc_column_text el_class=\u00bbpagecontent\u00bb]The Maritime Law Group est\u00e1 apasionadamente comprometido a abogar por tripulantes y marineros. Buscamos informar a los tripulantes y marineros, quienes est\u00e1n expuestos a singulares riesgos y peligros en barcos (tales como barcos de crucero, remolcadores, barcazas m\u00f3viles, embarcaciones de suministro, yates,&hellip;\" \/>\n<meta property=\"og:url\" content=\"https:\/\/maritimelawyersmiami.com\/es\/seaman-crew-claims\/\" \/>\n<meta property=\"og:site_name\" content=\"Saleh &amp; Sibirsky\" \/>\n<meta property=\"article:modified_time\" content=\"2020-04-07T20:01:14+00:00\" \/>\n<meta property=\"og:image\" content=\"https:\/\/maritimelawyersmiami.com\/wp-content\/uploads\/2019\/05\/map1.png\" \/>\n<meta name=\"twitter:card\" content=\"summary_large_image\" \/>\n<meta name=\"twitter:label1\" content=\"Tiempo de lectura\" \/>\n\t<meta name=\"twitter:data1\" content=\"3 minutos\" \/>\n<script type=\"application\/ld+json\" class=\"yoast-schema-graph\">{\"@context\":\"https:\\\/\\\/schema.org\",\"@graph\":[{\"@type\":\"WebPage\",\"@id\":\"https:\\\/\\\/maritimelawyersmiami.com\\\/es\\\/seaman-crew-claims\\\/\",\"url\":\"https:\\\/\\\/maritimelawyersmiami.com\\\/es\\\/seaman-crew-claims\\\/\",\"name\":\"Reclamaciones de Marineros y Tripulantes - Saleh &amp; Sibirsky\",\"isPartOf\":{\"@id\":\"https:\\\/\\\/maritimelawyersmiami.com\\\/#website\"},\"primaryImageOfPage\":{\"@id\":\"https:\\\/\\\/maritimelawyersmiami.com\\\/es\\\/seaman-crew-claims\\\/#primaryimage\"},\"image\":{\"@id\":\"https:\\\/\\\/maritimelawyersmiami.com\\\/es\\\/seaman-crew-claims\\\/#primaryimage\"},\"thumbnailUrl\":\"https:\\\/\\\/maritimelawyersmiami.com\\\/wp-content\\\/uploads\\\/2019\\\/05\\\/map1.png\",\"datePublished\":\"2019-06-23T11:53:03+00:00\",\"dateModified\":\"2020-04-07T20:01:14+00:00\",\"breadcrumb\":{\"@id\":\"https:\\\/\\\/maritimelawyersmiami.com\\\/es\\\/seaman-crew-claims\\\/#breadcrumb\"},\"inLanguage\":\"es\",\"potentialAction\":[{\"@type\":\"ReadAction\",\"target\":[\"https:\\\/\\\/maritimelawyersmiami.com\\\/es\\\/seaman-crew-claims\\\/\"]}]},{\"@type\":\"ImageObject\",\"inLanguage\":\"es\",\"@id\":\"https:\\\/\\\/maritimelawyersmiami.com\\\/es\\\/seaman-crew-claims\\\/#primaryimage\",\"url\":\"https:\\\/\\\/maritimelawyersmiami.com\\\/wp-content\\\/uploads\\\/2019\\\/05\\\/map1.png\",\"contentUrl\":\"https:\\\/\\\/maritimelawyersmiami.com\\\/wp-content\\\/uploads\\\/2019\\\/05\\\/map1.png\"},{\"@type\":\"BreadcrumbList\",\"@id\":\"https:\\\/\\\/maritimelawyersmiami.com\\\/es\\\/seaman-crew-claims\\\/#breadcrumb\",\"itemListElement\":[{\"@type\":\"ListItem\",\"position\":1,\"name\":\"Home\",\"item\":\"https:\\\/\\\/maritimelawyersmiami.com\\\/es\\\/\"},{\"@type\":\"ListItem\",\"position\":2,\"name\":\"Reclamaciones de Marineros y Tripulantes\"}]},{\"@type\":\"WebSite\",\"@id\":\"https:\\\/\\\/maritimelawyersmiami.com\\\/#website\",\"url\":\"https:\\\/\\\/maritimelawyersmiami.com\\\/\",\"name\":\"Saleh &amp; Sibirsky\",\"description\":\"Maritime Law Group\",\"potentialAction\":[{\"@type\":\"SearchAction\",\"target\":{\"@type\":\"EntryPoint\",\"urlTemplate\":\"https:\\\/\\\/maritimelawyersmiami.com\\\/?s={search_term_string}\"},\"query-input\":{\"@type\":\"PropertyValueSpecification\",\"valueRequired\":true,\"valueName\":\"search_term_string\"}}],\"inLanguage\":\"es\"}]}<\/script>\n<!-- \/ Yoast SEO plugin. -->","yoast_head_json":{"title":"Reclamaciones de Marineros y Tripulantes - Saleh &amp; Sibirsky","robots":{"index":"index","follow":"follow","max-snippet":"max-snippet:-1","max-image-preview":"max-image-preview:large","max-video-preview":"max-video-preview:-1"},"canonical":"https:\/\/maritimelawyersmiami.com\/es\/seaman-crew-claims\/","og_locale":"es_ES","og_type":"article","og_title":"Reclamaciones de Marineros y Tripulantes - Saleh &amp; Sibirsky","og_description":"[vc_row type=\u00bbvc_default\u00bb css=\u00bb.vc_custom_1561290872468{padding-top: 0px !important;padding-bottom: 0px !important;}\u00bb][vc_column][vc_empty_space height=\u00bb60px\u00bb][\/vc_column][vc_column width=\u00bb7\/12&#8243; css=\u00bb.vc_custom_1561286165177{padding-bottom: 0px !important;}\u00bb el_class=\u00bbattorneys-men\u00bb][vc_column_text el_class=\u00bbpagecontent\u00bb]The Maritime Law Group est\u00e1 apasionadamente comprometido a abogar por tripulantes y marineros. Buscamos informar a los tripulantes y marineros, quienes est\u00e1n expuestos a singulares riesgos y peligros en barcos (tales como barcos de crucero, remolcadores, barcazas m\u00f3viles, embarcaciones de suministro, yates,&hellip;","og_url":"https:\/\/maritimelawyersmiami.com\/es\/seaman-crew-claims\/","og_site_name":"Saleh &amp; Sibirsky","article_modified_time":"2020-04-07T20:01:14+00:00","og_image":[{"url":"https:\/\/maritimelawyersmiami.com\/wp-content\/uploads\/2019\/05\/map1.png","type":"","width":"","height":""}],"twitter_card":"summary_large_image","twitter_misc":{"Tiempo de lectura":"3 minutos"},"schema":{"@context":"https:\/\/schema.org","@graph":[{"@type":"WebPage","@id":"https:\/\/maritimelawyersmiami.com\/es\/seaman-crew-claims\/","url":"https:\/\/maritimelawyersmiami.com\/es\/seaman-crew-claims\/","name":"Reclamaciones de Marineros y Tripulantes - Saleh &amp; Sibirsky","isPartOf":{"@id":"https:\/\/maritimelawyersmiami.com\/#website"},"primaryImageOfPage":{"@id":"https:\/\/maritimelawyersmiami.com\/es\/seaman-crew-claims\/#primaryimage"},"image":{"@id":"https:\/\/maritimelawyersmiami.com\/es\/seaman-crew-claims\/#primaryimage"},"thumbnailUrl":"https:\/\/maritimelawyersmiami.com\/wp-content\/uploads\/2019\/05\/map1.png","datePublished":"2019-06-23T11:53:03+00:00","dateModified":"2020-04-07T20:01:14+00:00","breadcrumb":{"@id":"https:\/\/maritimelawyersmiami.com\/es\/seaman-crew-claims\/#breadcrumb"},"inLanguage":"es","potentialAction":[{"@type":"ReadAction","target":["https:\/\/maritimelawyersmiami.com\/es\/seaman-crew-claims\/"]}]},{"@type":"ImageObject","inLanguage":"es","@id":"https:\/\/maritimelawyersmiami.com\/es\/seaman-crew-claims\/#primaryimage","url":"https:\/\/maritimelawyersmiami.com\/wp-content\/uploads\/2019\/05\/map1.png","contentUrl":"https:\/\/maritimelawyersmiami.com\/wp-content\/uploads\/2019\/05\/map1.png"},{"@type":"BreadcrumbList","@id":"https:\/\/maritimelawyersmiami.com\/es\/seaman-crew-claims\/#breadcrumb","itemListElement":[{"@type":"ListItem","position":1,"name":"Home","item":"https:\/\/maritimelawyersmiami.com\/es\/"},{"@type":"ListItem","position":2,"name":"Reclamaciones de Marineros y Tripulantes"}]},{"@type":"WebSite","@id":"https:\/\/maritimelawyersmiami.com\/#website","url":"https:\/\/maritimelawyersmiami.com\/","name":"Saleh &amp; Sibirsky","description":"Maritime Law Group","potentialAction":[{"@type":"SearchAction","target":{"@type":"EntryPoint","urlTemplate":"https:\/\/maritimelawyersmiami.com\/?s={search_term_string}"},"query-input":{"@type":"PropertyValueSpecification","valueRequired":true,"valueName":"search_term_string"}}],"inLanguage":"es"}]}},"_links":{"self":[{"href":"https:\/\/maritimelawyersmiami.com\/es\/wp-json\/wp\/v2\/pages\/1146","targetHints":{"allow":["GET"]}}],"collection":[{"href":"https:\/\/maritimelawyersmiami.com\/es\/wp-json\/wp\/v2\/pages"}],"about":[{"href":"https:\/\/maritimelawyersmiami.com\/es\/wp-json\/wp\/v2\/types\/page"}],"author":[{"embeddable":true,"href":"https:\/\/maritimelawyersmiami.com\/es\/wp-json\/wp\/v2\/users\/1"}],"replies":[{"embeddable":true,"href":"https:\/\/maritimelawyersmiami.com\/es\/wp-json\/wp\/v2\/comments?post=1146"}],"version-history":[{"count":5,"href":"https:\/\/maritimelawyersmiami.com\/es\/wp-json\/wp\/v2\/pages\/1146\/revisions"}],"predecessor-version":[{"id":1441,"href":"https:\/\/maritimelawyersmiami.com\/es\/wp-json\/wp\/v2\/pages\/1146\/revisions\/1441"}],"wp:attachment":[{"href":"https:\/\/maritimelawyersmiami.com\/es\/wp-json\/wp\/v2\/media?parent=1146"}],"curies":[{"name":"wp","href":"https:\/\/api.w.org\/{rel}","templated":true}]}}