{"id":1135,"date":"2019-06-23T10:15:06","date_gmt":"2019-06-23T10:15:06","guid":{"rendered":"https:\/\/maritimelawyersmiami.com\/attorneys\/"},"modified":"2020-04-08T14:31:17","modified_gmt":"2020-04-08T14:31:17","slug":"attorneys","status":"publish","type":"page","link":"https:\/\/maritimelawyersmiami.com\/es\/attorneys\/","title":{"rendered":"Abogados"},"content":{"rendered":"<p>[vc_row full_width=\u00bbstretch_row\u00bb css=\u00bb.vc_custom_1573081596823{margin-top: -80px !important;padding-top: 60px !important;padding-bottom: 60px !important;background-color: #fbfbfb !important;}\u00bb][vc_column][vc_column_text el_class=\u00bbattorney-p\u00bb]<\/p>\n<p style=\"text-align: center;\">Conozca a nuestros abogados comprometidos, motivados y expertos en asuntos de derecho mar\u00edtimo. Estamos listos para representar de forma efectiva sus intereses en la b\u00fasqueda de la justicia que usted merece.<\/p>\n<p>[\/vc_column_text][\/vc_column][\/vc_row][vc_row type=\u00bbvc_default\u00bb css=\u00bb.vc_custom_1573138877420{padding-top: 100px !important;padding-bottom: 50px !important;}\u00bb][vc_column width=\u00bb8\/12&#8243; css=\u00bb.vc_custom_1561286165177{padding-bottom: 0px !important;}\u00bb el_class=\u00bbattorneys-men\u00bb][vc_column_text]<\/p>\n<div class=\"top-hd\">NUESTROS ABOGADOS<\/div>\n<div class=\"heading\">\n<p>Anis Saleh<\/p>\n<\/div>\n<p>[\/vc_column_text][vc_empty_space height=\u00bb30px\u00bb][vc_column_text el_class=\u00bbabut-b\u00bb]<span style=\"font-weight: 400;\">Anis Saleh ha practicado derecho por m\u00e1s de 26 a\u00f1os, incluyendo extensa experiencia en litigios en tribunales federales y derecho de inmigraci\u00f3n. El Dr. Saleh est\u00e1 clasificado AV por Martindale-Hubbell y est\u00e1 listado entre <\/span><i><span style=\"font-weight: 400;\">The Best Lawyers in America<\/span><\/i><i><span style=\"font-weight: 400;\">\u00ae<\/span><\/i><span style=\"font-weight: 400;\"> (Los mejores abogados en Estados Unidos) (2007-2020), <\/span><i><span style=\"font-weight: 400;\">Chambers USA: Principales Abogados de Negocios en Estados Unidos<\/span><\/i><span style=\"font-weight: 400;\"> (2007-2020), <\/span><i><span style=\"font-weight: 400;\">Super Abogados de Florida <\/span><\/i><span style=\"font-weight: 400;\">(2006-2020), <\/span><i><span style=\"font-weight: 400;\">Who\u2019s Who in American Law <\/span><\/i><span style=\"font-weight: 400;\">(Qui\u00e9n es Qui\u00e9n en Derecho Estadounidense) y <\/span><i><span style=\"font-weight: 400;\">Qui\u00e9n es Qui\u00e9n en el Mundo<\/span><\/i><span style=\"font-weight: 400;\">. Tambi\u00e9n ha aparecido en el <\/span><i><span style=\"font-weight: 400;\">Wall Street Journal<\/span><\/i><span style=\"font-weight: 400;\">, <\/span><i><span style=\"font-weight: 400;\">U.S. News &amp; World Report<\/span><\/i><span style=\"font-weight: 400;\"> y el <\/span><i><span style=\"font-weight: 400;\">Miami Herald<\/span><\/i><span style=\"font-weight: 400;\"> como uno de los mejores abogados del Sur de Florida.<\/span>[\/vc_column_text][\/vc_column][vc_column width=\u00bb4\/12&#8243; css=\u00bb.vc_custom_1561033975190{padding-bottom: 0px !important;}\u00bb][vc_single_image image=\u00bb1413&#8243; img_size=\u00bbfull\u00bb alignment=\u00bbright\u00bb][\/vc_column][\/vc_row][vc_row full_width=\u00bbstretch_row\u00bb type=\u00bbvc_default\u00bb css=\u00bb.vc_custom_1573138890465{padding-top: 40px !important;padding-bottom: 50px !important;background-color: #f9f9f9 !important;}\u00bb][vc_column width=\u00bb4\/12&#8243; css=\u00bb.vc_custom_1561033975190{padding-bottom: 0px !important;}\u00bb][vc_single_image image=\u00bb1415&#8243; img_size=\u00bbfull\u00bb alignment=\u00bbright\u00bb][\/vc_column][vc_column width=\u00bb8\/12&#8243; css=\u00bb.vc_custom_1561286733894{padding-top: 50px !important;padding-bottom: 0px !important;}\u00bb el_class=\u00bbattorneys-men\u00bb][vc_column_text]<\/p>\n<div class=\"top-hd\">NUESTROS ABOGADOS<\/div>\n<div class=\"heading\">\n<p>Daniel Sibirsky<\/p>\n<\/div>\n<p>[\/vc_column_text][vc_empty_space height=\u00bb30px\u00bb][vc_column_text el_class=\u00bbabut-b\u00bb]<span style=\"font-weight: 400;\">Daniel Sibirsky tiene una trayectoria sustancial en <\/span><span style=\"font-weight: 400;\">litigios en tribunales federales y derecho de inmigraci\u00f3n<\/span><span style=\"font-weight: 400;\">. Ha sido seleccionado para aparecer en <\/span><i><span style=\"font-weight: 400;\">The Best Lawyers in <\/span><\/i><i><span style=\"font-weight: 400;\">America<\/span><\/i><i><span style=\"font-weight: 400;\">\u00ae<\/span><\/i><span style=\"font-weight: 400;\"> (Los mejores abogados en Estados Unidos<\/span><span style=\"font-weight: 400;\"> de 2013 a 2020. <\/span><i><span style=\"font-weight: 400;\">Best Lawyers<\/span><\/i><i><span style=\"font-weight: 400;\">\u00ae<\/span><\/i><span style=\"font-weight: 400;\"> es una organizaci\u00f3n de evaluaci\u00f3n por parte de colegas, altamente respetada en todo el pa\u00eds. El Dr. Sibirsky est\u00e1 comprometido a utilizar el litigio \u2013especialmente litigio federal\u2013 para tratar de obtener compensaci\u00f3n para sus clientes. \u00c9l habla ingl\u00e9s y espa\u00f1ol con fluidez y frecuentemente se comunica con sus clientes en espa\u00f1ol.<\/span>[\/vc_column_text][\/vc_column][\/vc_row][vc_row full_width=\u00bbstretch_row\u00bb css=\u00bb.vc_custom_1561287089534{padding-top: 90px !important;padding-bottom: 90px !important;background-image: url(https:\/\/maritimelawyersmiami.com\/wp-content\/uploads\/2019\/06\/bg-2.jpg?id=913) !important;}\u00bb el_class=\u00bbmaritime\u00bb][vc_column][vc_column_text]<\/p>\n<div class=\"heading\">\n<p style=\"text-align: center; color: #fff;\">Abogados Dedicados y Especializados En Derecho Mar\u00edtimo.<\/p>\n<\/div>\n<p>[\/vc_column_text][\/vc_column][vc_column][vc_empty_space height=\u00bb50px\u00bb][vc_column_text]<\/p>\n<div class=\"readmore3\" style=\"text-align: center;\"><a href=\"..\/contact\/\">Cont\u00e1ctenos Hoy<\/a><a href=\"..\/about-us\/\">M\u00e1s Sobre Nosotros<\/a><\/div>\n<p>[\/vc_column_text][\/vc_column][\/vc_row]<\/p>\n","protected":false},"excerpt":{"rendered":"<p>[vc_row full_width=\u00bbstretch_row\u00bb css=\u00bb.vc_custom_1573081596823{margin-top: -80px !important;padding-top: 60px !important;padding-bottom: 60px !important;background-color: #fbfbfb !important;}\u00bb][vc_column][vc_column_text el_class=\u00bbattorney-p\u00bb] Conozca a nuestros abogados comprometidos, motivados y expertos en asuntos de derecho mar\u00edtimo. Estamos listos para representar de forma efectiva sus intereses en la b\u00fasqueda de la justicia que usted merece. [\/vc_column_text][\/vc_column][\/vc_row][vc_row type=\u00bbvc_default\u00bb css=\u00bb.vc_custom_1573138877420{padding-top: 100px !important;padding-bottom: 50px !important;}\u00bb][vc_column width=\u00bb8\/12&#8243; css=\u00bb.vc_custom_1561286165177{padding-bottom: 0px !important;}\u00bb el_class=\u00bbattorneys-men\u00bb][vc_column_text]&hellip;<\/p>\n","protected":false},"author":1,"featured_media":0,"parent":0,"menu_order":1,"comment_status":"closed","ping_status":"closed","template":"","meta":{"footnotes":""},"class_list":["post-1135","page","type-page","status-publish","hentry","description-off"],"yoast_head":"<!-- This site is optimized with the Yoast SEO plugin v27.4 - https:\/\/yoast.com\/product\/yoast-seo-wordpress\/ -->\n<title>Abogados - Saleh &amp; Sibirsky<\/title>\n<meta name=\"robots\" content=\"index, follow, max-snippet:-1, max-image-preview:large, max-video-preview:-1\" \/>\n<link rel=\"canonical\" href=\"https:\/\/maritimelawyersmiami.com\/es\/attorneys\/\" \/>\n<meta property=\"og:locale\" content=\"es_ES\" \/>\n<meta property=\"og:type\" content=\"article\" \/>\n<meta property=\"og:title\" content=\"Abogados - Saleh &amp; Sibirsky\" \/>\n<meta property=\"og:description\" content=\"[vc_row full_width=\u00bbstretch_row\u00bb css=\u00bb.vc_custom_1573081596823{margin-top: -80px !important;padding-top: 60px !important;padding-bottom: 60px !important;background-color: #fbfbfb !important;}\u00bb][vc_column][vc_column_text el_class=\u00bbattorney-p\u00bb] Conozca a nuestros abogados comprometidos, motivados y expertos en asuntos de derecho mar\u00edtimo. Estamos listos para representar de forma efectiva sus intereses en la b\u00fasqueda de la justicia que usted merece. [\/vc_column_text][\/vc_column][\/vc_row][vc_row type=\u00bbvc_default\u00bb css=\u00bb.vc_custom_1573138877420{padding-top: 100px !important;padding-bottom: 50px !important;}\u00bb][vc_column width=\u00bb8\/12&#8243; css=\u00bb.vc_custom_1561286165177{padding-bottom: 0px !important;}\u00bb el_class=\u00bbattorneys-men\u00bb][vc_column_text]&hellip;\" \/>\n<meta property=\"og:url\" content=\"https:\/\/maritimelawyersmiami.com\/es\/attorneys\/\" \/>\n<meta property=\"og:site_name\" content=\"Saleh &amp; Sibirsky\" \/>\n<meta property=\"article:modified_time\" content=\"2020-04-08T14:31:17+00:00\" \/>\n<meta name=\"twitter:card\" content=\"summary_large_image\" \/>\n<meta name=\"twitter:label1\" content=\"Tiempo de lectura\" \/>\n\t<meta name=\"twitter:data1\" content=\"3 minutos\" \/>\n<script type=\"application\/ld+json\" class=\"yoast-schema-graph\">{\"@context\":\"https:\\\/\\\/schema.org\",\"@graph\":[{\"@type\":\"WebPage\",\"@id\":\"https:\\\/\\\/maritimelawyersmiami.com\\\/es\\\/attorneys\\\/\",\"url\":\"https:\\\/\\\/maritimelawyersmiami.com\\\/es\\\/attorneys\\\/\",\"name\":\"Abogados - Saleh &amp; Sibirsky\",\"isPartOf\":{\"@id\":\"https:\\\/\\\/maritimelawyersmiami.com\\\/#website\"},\"datePublished\":\"2019-06-23T10:15:06+00:00\",\"dateModified\":\"2020-04-08T14:31:17+00:00\",\"breadcrumb\":{\"@id\":\"https:\\\/\\\/maritimelawyersmiami.com\\\/es\\\/attorneys\\\/#breadcrumb\"},\"inLanguage\":\"es\",\"potentialAction\":[{\"@type\":\"ReadAction\",\"target\":[\"https:\\\/\\\/maritimelawyersmiami.com\\\/es\\\/attorneys\\\/\"]}]},{\"@type\":\"BreadcrumbList\",\"@id\":\"https:\\\/\\\/maritimelawyersmiami.com\\\/es\\\/attorneys\\\/#breadcrumb\",\"itemListElement\":[{\"@type\":\"ListItem\",\"position\":1,\"name\":\"Home\",\"item\":\"https:\\\/\\\/maritimelawyersmiami.com\\\/es\\\/\"},{\"@type\":\"ListItem\",\"position\":2,\"name\":\"Abogados\"}]},{\"@type\":\"WebSite\",\"@id\":\"https:\\\/\\\/maritimelawyersmiami.com\\\/#website\",\"url\":\"https:\\\/\\\/maritimelawyersmiami.com\\\/\",\"name\":\"Saleh &amp; Sibirsky\",\"description\":\"Maritime Law Group\",\"potentialAction\":[{\"@type\":\"SearchAction\",\"target\":{\"@type\":\"EntryPoint\",\"urlTemplate\":\"https:\\\/\\\/maritimelawyersmiami.com\\\/?s={search_term_string}\"},\"query-input\":{\"@type\":\"PropertyValueSpecification\",\"valueRequired\":true,\"valueName\":\"search_term_string\"}}],\"inLanguage\":\"es\"}]}<\/script>\n<!-- \/ Yoast SEO plugin. -->","yoast_head_json":{"title":"Abogados - Saleh &amp; Sibirsky","robots":{"index":"index","follow":"follow","max-snippet":"max-snippet:-1","max-image-preview":"max-image-preview:large","max-video-preview":"max-video-preview:-1"},"canonical":"https:\/\/maritimelawyersmiami.com\/es\/attorneys\/","og_locale":"es_ES","og_type":"article","og_title":"Abogados - Saleh &amp; Sibirsky","og_description":"[vc_row full_width=\u00bbstretch_row\u00bb css=\u00bb.vc_custom_1573081596823{margin-top: -80px !important;padding-top: 60px !important;padding-bottom: 60px !important;background-color: #fbfbfb !important;}\u00bb][vc_column][vc_column_text el_class=\u00bbattorney-p\u00bb] Conozca a nuestros abogados comprometidos, motivados y expertos en asuntos de derecho mar\u00edtimo. Estamos listos para representar de forma efectiva sus intereses en la b\u00fasqueda de la justicia que usted merece. [\/vc_column_text][\/vc_column][\/vc_row][vc_row type=\u00bbvc_default\u00bb css=\u00bb.vc_custom_1573138877420{padding-top: 100px !important;padding-bottom: 50px !important;}\u00bb][vc_column width=\u00bb8\/12&#8243; css=\u00bb.vc_custom_1561286165177{padding-bottom: 0px !important;}\u00bb el_class=\u00bbattorneys-men\u00bb][vc_column_text]&hellip;","og_url":"https:\/\/maritimelawyersmiami.com\/es\/attorneys\/","og_site_name":"Saleh &amp; Sibirsky","article_modified_time":"2020-04-08T14:31:17+00:00","twitter_card":"summary_large_image","twitter_misc":{"Tiempo de lectura":"3 minutos"},"schema":{"@context":"https:\/\/schema.org","@graph":[{"@type":"WebPage","@id":"https:\/\/maritimelawyersmiami.com\/es\/attorneys\/","url":"https:\/\/maritimelawyersmiami.com\/es\/attorneys\/","name":"Abogados - Saleh &amp; Sibirsky","isPartOf":{"@id":"https:\/\/maritimelawyersmiami.com\/#website"},"datePublished":"2019-06-23T10:15:06+00:00","dateModified":"2020-04-08T14:31:17+00:00","breadcrumb":{"@id":"https:\/\/maritimelawyersmiami.com\/es\/attorneys\/#breadcrumb"},"inLanguage":"es","potentialAction":[{"@type":"ReadAction","target":["https:\/\/maritimelawyersmiami.com\/es\/attorneys\/"]}]},{"@type":"BreadcrumbList","@id":"https:\/\/maritimelawyersmiami.com\/es\/attorneys\/#breadcrumb","itemListElement":[{"@type":"ListItem","position":1,"name":"Home","item":"https:\/\/maritimelawyersmiami.com\/es\/"},{"@type":"ListItem","position":2,"name":"Abogados"}]},{"@type":"WebSite","@id":"https:\/\/maritimelawyersmiami.com\/#website","url":"https:\/\/maritimelawyersmiami.com\/","name":"Saleh &amp; Sibirsky","description":"Maritime Law Group","potentialAction":[{"@type":"SearchAction","target":{"@type":"EntryPoint","urlTemplate":"https:\/\/maritimelawyersmiami.com\/?s={search_term_string}"},"query-input":{"@type":"PropertyValueSpecification","valueRequired":true,"valueName":"search_term_string"}}],"inLanguage":"es"}]}},"_links":{"self":[{"href":"https:\/\/maritimelawyersmiami.com\/es\/wp-json\/wp\/v2\/pages\/1135","targetHints":{"allow":["GET"]}}],"collection":[{"href":"https:\/\/maritimelawyersmiami.com\/es\/wp-json\/wp\/v2\/pages"}],"about":[{"href":"https:\/\/maritimelawyersmiami.com\/es\/wp-json\/wp\/v2\/types\/page"}],"author":[{"embeddable":true,"href":"https:\/\/maritimelawyersmiami.com\/es\/wp-json\/wp\/v2\/users\/1"}],"replies":[{"embeddable":true,"href":"https:\/\/maritimelawyersmiami.com\/es\/wp-json\/wp\/v2\/comments?post=1135"}],"version-history":[{"count":5,"href":"https:\/\/maritimelawyersmiami.com\/es\/wp-json\/wp\/v2\/pages\/1135\/revisions"}],"predecessor-version":[{"id":1452,"href":"https:\/\/maritimelawyersmiami.com\/es\/wp-json\/wp\/v2\/pages\/1135\/revisions\/1452"}],"wp:attachment":[{"href":"https:\/\/maritimelawyersmiami.com\/es\/wp-json\/wp\/v2\/media?parent=1135"}],"curies":[{"name":"wp","href":"https:\/\/api.w.org\/{rel}","templated":true}]}}